{"id":31,"date":"2016-02-15T07:21:06","date_gmt":"2016-02-15T06:21:06","guid":{"rendered":"https:\/\/www.samita.be\/?page_id=31"},"modified":"2024-04-11T12:36:52","modified_gmt":"2024-04-11T10:36:52","slug":"membership","status":"publish","type":"page","link":"https:\/\/www.samita.be\/de\/about-us\/membership\/","title":{"rendered":"Mitgliedschaft"},"content":{"rendered":"<p>Der Verein Samita ASBL wurde im M\u00e4rz 2015 nach belgischem Recht gegr\u00fcndet und hat zum Ziel, ein Kloster in der Theravada-Tradition in Europa aufzubauen. Zu diesem Zweck organisiert Samita Retreats und Vortr\u00e4ge mit\u00a0M\u00f6nchen und Nonnen.<\/p>\n<p>Sie k\u00f6nnen Mitglied von Samita ASBL werden. Die Mitgliedschaft ist beitragsfrei. Mitgliedsantr\u00e4ge m\u00fcssen vom Vorstand gebilligt werden.<\/p>\n<p>Mitglieder haben im Verein kein direktes Stimmrecht, k\u00f6nnen aber Entscheidungsprozesse beeinflussen, indem sie ihre Ideen und Vorschl\u00e4ge einbringen und bei der Organisation von Veranstaltungen\u00a0helfen. Einmal im Jahr, im Januar, wird eine j\u00e4hrliche Generalversammlung abgehalten, zu der alle Mitglieder eingeladen sind.<\/p>\n<p>Wenn Sie Mitglied werden m\u00f6chten, f\u00fcllen Sie bitte das untenstehende Formular aus. Wenn Sie hier klicken <a href=\"https:\/\/www.samita.be\/wp-content\/uploads\/2024\/01\/Statuts-ASBL-Samita-2023-1-fr-5.pdf\">Statuts ASBL Samita 2023 (1) fr<\/a>\u00a0 finden Sie\u00a0 eine Kopie der Satzung von Samia ASBL auf Franz\u00f6sisch<\/p>\n<p><iframe loading=\"lazy\" src=\"https:\/\/docs.google.com\/forms\/d\/1FR2MxVBzoXsFZYM-QCG2pToxfVjDjNWA9KCWxLJ23rQ\/viewform?embedded=true\" width=\"760\" height=\"500\" frameborder=\"0\" marginwidth=\"0\" marginheight=\"0\">Loading&#8230;<\/iframe><\/p>","protected":false},"excerpt":{"rendered":"<p>Der Verein Samita ASBL wurde im M\u00e4rz 2015 nach belgischem Recht gegr\u00fcndet und hat zum Ziel, ein Kloster in der Theravada-Tradition in Europa aufzubauen. Zu diesem Zweck organisiert Samita Retreats und Vortr\u00e4ge mit\u00a0M\u00f6nchen und Nonnen. Sie k\u00f6nnen Mitglied von Samita&#8230;<br \/><a class=\"read-more-button\" href=\"https:\/\/www.samita.be\/de\/about-us\/membership\/\">Mehr Lesen<\/a><\/p>\n","protected":false},"author":14,"featured_media":0,"parent":5029,"menu_order":0,"comment_status":"closed","ping_status":"closed","template":"","meta":{"footnotes":""},"class_list":["post-31","page","type-page","status-publish","hentry"],"_links":{"self":[{"href":"https:\/\/www.samita.be\/de\/wp-json\/wp\/v2\/pages\/31","targetHints":{"allow":["GET"]}}],"collection":[{"href":"https:\/\/www.samita.be\/de\/wp-json\/wp\/v2\/pages"}],"about":[{"href":"https:\/\/www.samita.be\/de\/wp-json\/wp\/v2\/types\/page"}],"author":[{"embeddable":true,"href":"https:\/\/www.samita.be\/de\/wp-json\/wp\/v2\/users\/14"}],"replies":[{"embeddable":true,"href":"https:\/\/www.samita.be\/de\/wp-json\/wp\/v2\/comments?post=31"}],"version-history":[{"count":30,"href":"https:\/\/www.samita.be\/de\/wp-json\/wp\/v2\/pages\/31\/revisions"}],"predecessor-version":[{"id":7922,"href":"https:\/\/www.samita.be\/de\/wp-json\/wp\/v2\/pages\/31\/revisions\/7922"}],"up":[{"embeddable":true,"href":"https:\/\/www.samita.be\/de\/wp-json\/wp\/v2\/pages\/5029"}],"wp:attachment":[{"href":"https:\/\/www.samita.be\/de\/wp-json\/wp\/v2\/media?parent=31"}],"curies":[{"name":"wp","href":"https:\/\/api.w.org\/{rel}","templated":true}]}}