{"id":39,"date":"2016-02-15T07:31:03","date_gmt":"2016-02-15T06:31:03","guid":{"rendered":"https:\/\/www.samita.be\/?page_id=39"},"modified":"2025-01-22T10:41:47","modified_gmt":"2025-01-22T09:41:47","slug":"bhante-sujato","status":"publish","type":"page","link":"https:\/\/www.samita.be\/de\/monks-nuns\/bhante-sujato\/","title":{"rendered":"Bhante Sujato"},"content":{"rendered":"<p><a href=\"http:\/\/sujatogermany.files.wordpress.com\/2013\/03\/sujato.jpg\"><img loading=\"lazy\" decoding=\"async\" class=\"size-medium wp-image-5 aligncenter\" src=\"http:\/\/sujatogermany.files.wordpress.com\/2013\/03\/sujato.jpg?w=235\" alt=\"sujato\" width=\"235\" height=\"300\" \/><\/a><br \/>\nBhante Sujato stammt aus Australien und ist buddhistischer M\u00f6nch der thail\u00e4ndischen Waldtradition. Er war 10 Jahre lang Abt des Santi-Waldklosters in den Southern Highlands in\u00a0New South Wales. Bhante Sujato ist ein angesehener Pali-Kenner und Meditationslehrer. Mit seiner einzigartigen Mischung aus Humor, Mitgef\u00fchl und fundiertem Wissen vermittelt er uns, unser gesch\u00e4ftiges Leben mit den Grunds\u00e4tzen der Buddhalehre in Einklang zu bringen.<\/p>\n<p>Seit einigen Jahren engagiert Bhante Sujato sich daf\u00fcr, die Lehren des Buddha in ihrer authentischen Form f\u00fcr alle interessierten Menschen weltweit zug\u00e4nglich zu machen. Er nutzt dazu die modernen Medien und entwickelte <strong>die Webseite <a title=\"SuttaCentral\" href=\"http:\/\/suttacentral.net\/\" target=\"_blank\" rel=\"noopener noreferrer\">SuttaCentral<\/a><\/strong>, auf der die fr\u00fchen buddhistischen Texte des Palikanons einschlie\u00dflich ihrer Parallelen in Sprachen wie Chinesisch, Tibetisch oder Sanskrit sowie vieler \u00dcbersetzungen in moderne Sprachen zu finden sind &#8211; und st\u00e4ndig kommen weitere \u00dcbersetzungen dazu!<\/p>\n<p>Zwischen 2015 und 2018 hat Bhante Sujato eine <strong>neue vollst\u00e4ndige englische \u00dcbersetzung der vier Nikayas des Palikanons<\/strong> angefertigt, die auf SuttaCentral zu finden ist.<\/p>\n<p>Spenden f\u00fcr dieses Projekt sind online oder per Bank\u00fcberweisung m\u00f6glich: <a title=\"Sutta Central donations\" href=\"https:\/\/suttacentral.net\/donations\" target=\"_blank\" rel=\"noopener noreferrer\">https:\/\/suttacentral.net\/donations<\/a><\/p>\n<p><strong>Bhante Sujatos Schriften<\/strong> finden sich unter: <a href=\"http:\/\/www.santipada.org\/\" target=\"_blank\" rel=\"noopener noreferrer\">www.santipada.org<\/a> oder in seinem Blog: <a href=\"http:\/\/sujato.wordpress.com\/\" target=\"_blank\" rel=\"noopener noreferrer\">sujato.wordpress.com<\/a>. Seine \u00dcbersetzungsarbeit hat er auf <a href=\"https:\/\/discourse.suttacentral.net\" target=\"_blank\" rel=\"noopener noreferrer\">https:\/\/discourse.suttacentral.net<\/a> diskutiert (&#8222;ebt-translation&#8220; ins Suchfeld eingeben).<\/p>\n<p>Die B\u00fccher &#8222;<a href=\"http:\/\/zenwort.lima-city.de\/reise\/metta\/metta_daten\/Dream_of_Bhadda_German_xetex_v1.0_20140210.pdf\" target=\"_blank\" rel=\"noopener noreferrer\">Dreams of Bhadda<\/a>&#8220;\u00a0 und &#8222;<a href=\"http:\/\/www.dhamma-dana.de\/buecher\/Die_zwei_Eilboten.pdf\" target=\"_blank\" rel=\"noopener noreferrer\">A Swift Pair of Messengers<\/a>&#8220; liegen auch in deutscher \u00dcbersetzung vor.<\/p>\n<p><a href=\"https:\/\/suttacentral.net\/donations\"><img loading=\"lazy\" decoding=\"async\" class=\"aligncenter wp-image-648 size-medium\" src=\"https:\/\/sujatogermany.files.wordpress.com\/2015\/03\/unnamed.jpg?w=300\" alt=\"\" width=\"300\" height=\"231\" \/><\/a><\/p>\n<p><strong>Audioaufnahmen eines Metta-Retreats<\/strong> mit Bhante Sujato in Australien finden Sie auf der <a href=\"https:\/\/bswa.org\/teaching\/2011-june-9-day-metta-retreat-ajahn-sujato\/\" target=\"_blank\" rel=\"noopener noreferrer\">Webseite der BSWA<\/a>\u00a0und auf\u00a0der\u00a0<a href=\"http:\/\/santifm.org\/santi\/downloads\/\" target=\"_blank\" rel=\"noopener noreferrer\">Webseite des Waldklosters\u00a0Santi<\/a>\u00a0(unter &#8222;Retreats&#8220;, 2007 Metta Meditation Course).<\/p>\n<p>Die Audiodateien des Metta-Retreats, das im Dezember 2013 im Seminarhaus Shanti stattfand, finden Sie bei <a style=\"color: #336699;\" href=\"http:\/\/www.dhammanet.org\/archive\/Metta_Retreat_Germany_2013\" target=\"_blank\" rel=\"noopener noreferrer\">Dhammanet<\/a>.<\/p>\n<p><strong>Die Authentizit\u00e4t der fr\u00fchen buddhistischen Texte:<\/strong> Bhante Sujato und Ajahn Brahmali haben dieses Buch herausgebracht, in dem sie die bisherigen Forschungen zu Fragen der Authentizit\u00e4t der fr\u00fchen buddhistischen Texte zusammentragen und erstamls in einer Gesamtschau pr\u00e4sentieren.\u00a0<span style=\"color: #222222;\">Lesen Sie hier (in englischer Sprache):\u00a0<a href=\"http:\/\/ocbs.org\/wp-content\/uploads\/2015\/09\/authenticity.pdf\" target=\"_blank\" rel=\"noopener noreferrer\">http:\/\/ocbs.org\/wp-content\/uploads\/2015\/09\/authenticity.pdf<\/a><\/span>\u00a0oder <a href=\"https:\/\/drive.google.com\/file\/d\/1V8wYM5auE0JYC3nfBCOn5PkLr_kOMbOs\/view?usp=sharing\" target=\"_blank\" rel=\"noopener noreferrer\">in deutscher \u00dcbersetzung<\/a>.<\/p>\n<p><strong>Interviews mit Bhante Sujato (englisch):<\/strong><\/p>\n<ul>\n<li>2013 mit\u00a0<a href=\"https:\/\/youtu.be\/D_4XIIUyCuU\" target=\"_blank\" rel=\"noopener noreferrer\">Dhammanet<\/a><\/li>\n<li>2016 mit\u00a0<a href=\"https:\/\/www.buddhistdoor.net\/features\/an-afternoon-with-ajahn-sujato-personal-courage-and-restoring-the-sanghas-moral-purpose\" target=\"_blank\" rel=\"noopener noreferrer\">Buddhstdoor global<\/a><\/li>\n<li>2018 mit\u00a0<a href=\"http:\/\/www.abc.net.au\/radionational\/programs\/spiritofthings\/western-buddhism\/9526608\" target=\"_blank\" rel=\"noopener noreferrer\">The Spirit of Things<\/a><\/li>\n<\/ul>\n<p>&nbsp;<\/p>","protected":false},"excerpt":{"rendered":"<p>Bhante Sujato stammt aus Australien und ist buddhistischer M\u00f6nch der thail\u00e4ndischen Waldtradition. Er war 10 Jahre lang Abt des Santi-Waldklosters in den Southern Highlands in\u00a0New South Wales. Bhante Sujato ist ein angesehener Pali-Kenner und Meditationslehrer. Mit seiner einzigartigen Mischung aus&#8230;<br \/><a class=\"read-more-button\" href=\"https:\/\/www.samita.be\/de\/monks-nuns\/bhante-sujato\/\">Mehr Lesen<\/a><\/p>\n","protected":false},"author":14,"featured_media":0,"parent":20,"menu_order":2,"comment_status":"closed","ping_status":"closed","template":"template-full-width.php","meta":{"footnotes":""},"class_list":["post-39","page","type-page","status-publish","hentry"],"_links":{"self":[{"href":"https:\/\/www.samita.be\/de\/wp-json\/wp\/v2\/pages\/39","targetHints":{"allow":["GET"]}}],"collection":[{"href":"https:\/\/www.samita.be\/de\/wp-json\/wp\/v2\/pages"}],"about":[{"href":"https:\/\/www.samita.be\/de\/wp-json\/wp\/v2\/types\/page"}],"author":[{"embeddable":true,"href":"https:\/\/www.samita.be\/de\/wp-json\/wp\/v2\/users\/14"}],"replies":[{"embeddable":true,"href":"https:\/\/www.samita.be\/de\/wp-json\/wp\/v2\/comments?post=39"}],"version-history":[{"count":53,"href":"https:\/\/www.samita.be\/de\/wp-json\/wp\/v2\/pages\/39\/revisions"}],"predecessor-version":[{"id":8618,"href":"https:\/\/www.samita.be\/de\/wp-json\/wp\/v2\/pages\/39\/revisions\/8618"}],"up":[{"embeddable":true,"href":"https:\/\/www.samita.be\/de\/wp-json\/wp\/v2\/pages\/20"}],"wp:attachment":[{"href":"https:\/\/www.samita.be\/de\/wp-json\/wp\/v2\/media?parent=39"}],"curies":[{"name":"wp","href":"https:\/\/api.w.org\/{rel}","templated":true}]}}