{"id":45,"date":"2016-02-15T07:33:31","date_gmt":"2016-02-15T06:33:31","guid":{"rendered":"https:\/\/www.samita.be\/?page_id=45"},"modified":"2026-04-04T10:05:05","modified_gmt":"2026-04-04T08:05:05","slug":"ayya-vimala","status":"publish","type":"page","link":"https:\/\/www.samita.be\/de\/monks-nuns\/ayya-vimala\/","title":{"rendered":"Ven. Vimala"},"content":{"rendered":"<p><a href=\"https:\/\/sujatoeurope.files.wordpress.com\/2014\/03\/dsc2034.jpg\"><img loading=\"lazy\" decoding=\"async\" class=\"aligncenter wp-image-356 size-large\" src=\"https:\/\/www.samita.be\/wp-content\/uploads\/2016\/04\/ordination-1024x688.jpg\" alt=\"ordination\" width=\"840\" height=\"564\" srcset=\"https:\/\/www.samita.be\/wp-content\/uploads\/2016\/04\/ordination-1024x688.jpg 1024w, https:\/\/www.samita.be\/wp-content\/uploads\/2016\/04\/ordination-300x201.jpg 300w, https:\/\/www.samita.be\/wp-content\/uploads\/2016\/04\/ordination-768x516.jpg 768w, https:\/\/www.samita.be\/wp-content\/uploads\/2016\/04\/ordination.jpg 1044w\" sizes=\"auto, (max-width: 840px) 100vw, 840px\" \/><\/a><\/p>\n<p>&nbsp;<\/p>\n<p><span style=\"font-weight: 400;\">Venerable Vimala ist ordiniert, definiert sich als nicht-bin\u00e4r und w\u00e4hlte das Pronomen dey f\u00fcr sich. Dey wurde 1967 in den Niederlanden geboren und studierte Geophysik und Betriebswirtschaft, ehe dey sich neu orientierte und dem buddhistischen Orden beitrat.<\/span><\/p>\n<p><span style=\"font-weight: 400;\">Schon fr\u00fch im Leben interessierte Venerable Vimala sich f\u00fcr Meditation, kam aber erst 2001 in Kontakt mit den Lehren des Buddha. Nachdem dey einige Zeit in der Goenka-Tradition ge\u00fcbt hatte, entstand der Wunsch, die Ordination zu nehmen. 2008 nahm Ven. Vimala im Pyu-Tawye-Kloster in Burma eine zeitlich begrenzte Ordination; dort wurde dey sich der Ungleichheit zwischen den Geschlechtern in den traditionellen buddhistischen L\u00e4ndern bewusst. Nachdem dey auch mehreren voll ordinierten Nonnen sowie Ajahn Brahm begegnet war, begann dey, sich f\u00fcr die volle Ordination zu interessieren, um mitzuhelfen, die \u00dcbertragungslinie der Bhikkhun\u012bs zu f\u00f6rdern und den Weg zur vollen Ordination f\u00fcr Frauen zu ebnen, so wie es f\u00fcr M\u00e4nner schon immer m\u00f6glich war.<\/span><\/p>\n<p><span style=\"font-weight: 400;\">Nach Klosteraufenthalten in Deutschland und Australien nahm Ven. Vimala schlie\u00dflich 2016 in Los Angeles die h\u00f6here Ordination zur Bhikkhun\u012b mit Ayya Gunas\u0101r\u012b vom <\/span><a href=\"http:\/\/www.mahapajapati.org\"><span style=\"font-weight: 400;\">Kloster Mahapajapati<\/span><\/a><span style=\"font-weight: 400;\"> als Anleiterin.<\/span><\/p>\n<p><span style=\"font-weight: 400;\">In Australien begegnete dey auch Bhante Sujato, der zu den treibenden Kr\u00e4ften hinter der vollen Ordination f\u00fcr Frauen geh\u00f6rt. Ven. Vimala schloss sich 2013 dem Team von <\/span><a href=\"https:\/\/suttacentral.net\/\"><span style=\"font-weight: 400;\">SuttaCentral.net<\/span><\/a><span style=\"font-weight: 400;\"> an und f\u00fcgte \u00fcber die Jahre viele Sutta\u00fcbersetzungen und Parallelen zu der Webseite hinzu. Durch Bhante Sujatos Arbeit wurde dey angeregt, mehrere Artikel \u00fcber die Herausforderungen und die Diskriminierung zu schreiben, denen Frauen und LGBTIQA+-Personen in buddhistischen Einrichtungen begegnen.<\/span><\/p>\n<p><span style=\"font-weight: 400;\">Ven. Vimala geh\u00f6rt zu den Gr\u00fcndungsmitgliedern von <\/span><a href=\"https:\/\/www.samita.be\/\"><span style=\"font-weight: 400;\">Samita ASBL<\/span><\/a><span style=\"font-weight: 400;\">, einer Organisation mit dem Ziel, in Europa ein Kloster aufzubauen. Dey\u00a0 gr\u00fcndete das Klosters Tilorien mit &#8211; eine Klostergemeinschaft, die sich auf fr\u00fche buddhistische Lehren gr\u00fcndet. Das Kloster Tilorien wurde mit dem Ziel errichtet, einen Ort zum \u00dcben f\u00fcr Bhikkhun\u012bs und andere Nonnen zu bieten und gleichzeitig LGBTIQA+-Personen und anderen unterrepr\u00e4sentierten Gruppen zu helfen, sich im Dhamma zu entwickeln.<\/span><\/p>\n<p>Ven. Vimala war zudem einer der Hauptentwickler von BuddhaNexus.net (heute DharmaMitra.org).<\/p>\n<p>&nbsp;<\/p>","protected":false},"excerpt":{"rendered":"<p>&nbsp; Venerable Vimala ist ordiniert, definiert sich als nicht-bin\u00e4r und w\u00e4hlte das Pronomen dey f\u00fcr sich. Dey wurde 1967 in den Niederlanden geboren und studierte Geophysik und Betriebswirtschaft, ehe dey sich neu orientierte und dem buddhistischen Orden beitrat. Schon fr\u00fch&#8230;<br \/><a class=\"read-more-button\" href=\"https:\/\/www.samita.be\/de\/monks-nuns\/ayya-vimala\/\">Mehr Lesen<\/a><\/p>\n","protected":false},"author":14,"featured_media":0,"parent":20,"menu_order":7,"comment_status":"closed","ping_status":"closed","template":"template-full-width.php","meta":{"footnotes":""},"class_list":["post-45","page","type-page","status-publish","hentry"],"_links":{"self":[{"href":"https:\/\/www.samita.be\/de\/wp-json\/wp\/v2\/pages\/45","targetHints":{"allow":["GET"]}}],"collection":[{"href":"https:\/\/www.samita.be\/de\/wp-json\/wp\/v2\/pages"}],"about":[{"href":"https:\/\/www.samita.be\/de\/wp-json\/wp\/v2\/types\/page"}],"author":[{"embeddable":true,"href":"https:\/\/www.samita.be\/de\/wp-json\/wp\/v2\/users\/14"}],"replies":[{"embeddable":true,"href":"https:\/\/www.samita.be\/de\/wp-json\/wp\/v2\/comments?post=45"}],"version-history":[{"count":48,"href":"https:\/\/www.samita.be\/de\/wp-json\/wp\/v2\/pages\/45\/revisions"}],"predecessor-version":[{"id":9363,"href":"https:\/\/www.samita.be\/de\/wp-json\/wp\/v2\/pages\/45\/revisions\/9363"}],"up":[{"embeddable":true,"href":"https:\/\/www.samita.be\/de\/wp-json\/wp\/v2\/pages\/20"}],"wp:attachment":[{"href":"https:\/\/www.samita.be\/de\/wp-json\/wp\/v2\/media?parent=45"}],"curies":[{"name":"wp","href":"https:\/\/api.w.org\/{rel}","templated":true}]}}