{"id":47,"date":"2016-02-15T07:39:03","date_gmt":"2016-02-15T06:39:03","guid":{"rendered":"https:\/\/www.samita.be\/?page_id=47"},"modified":"2026-04-06T11:17:21","modified_gmt":"2026-04-06T09:17:21","slug":"contact","status":"publish","type":"page","link":"https:\/\/www.samita.be\/de\/contact\/","title":{"rendered":"Kontakt"},"content":{"rendered":"<p>Wenn Sie Mitglied bei Samita ASBL werden wollen, <a href=\"https:\/\/www.samita.be\/de\/about-us\/membership\/\">klicken Sie bitte hier<\/a>, um zum Mitgliedsantrag zu gelangen.<\/p>\n<p>Schicken Sie uns mit dem folgenden Formular eine Nachricht:<\/p>\n<p><iframe loading=\"lazy\" src=\"https:\/\/docs.google.com\/forms\/d\/1C6DdYhxJq1tkIvAaIqUGbWfpJdLuZvHDkuhg6q4DOGk\/viewform?embedded=true\" width=\"760\" height=\"760\" frameborder=\"0\" marginwidth=\"0\" marginheight=\"0\">Loading&#8230;<\/iframe><\/p>\n<p><strong>Samita ASBL<\/strong><br \/>\nEngreux 49G<br \/>\n6663 Mabompr\u00e9<br \/>\nBelgien<br \/>\nEmail:samitaasbl@gmail.com<br \/>\nVeranstaltungskomitee Email: samitaeventscommittee@gmail.com<\/p>\n<p>Samita ASBL h\u00e4lt die Ethikcharta der <a href=\"http:\/\/www.buddhism.be\/fr\/\" target=\"_blank\" rel=\"noopener noreferrer\">BUB<\/a>, die\u00a0<a href=\"http:\/\/www.buddhism.be\/fr\/ethique\/charte-ethique-et-deontologique\" target=\"_blank\" rel=\"noopener noreferrer\">\u201eCharte \u00e9thique et d\u00e9ontologique\u201c<\/a>, ein. Wenn Sie ein pers\u00f6nliches Anliegen haben, einschliesslich Fragen im Zusammenhang mit Sexismus, Rassismus, Homophobie oder anderen Problemen, wenden Sie sich bitte an unsere Integrit\u00e4tskontaktperson Didier Huvelle mit dem obigen Formular oder Sie k\u00f6nnen Annelies Dezaeytijd (annelies.dezaeytijd@buddhism.be) oder Joelle Troeder (joelle.troeder@buddhism.be) bei der Buddhistischen Union Belgiens kontaktieren.<\/p>\n<p><strong id=\"tax\">Wichtiger Hinweis zum Versand von Paketen!<\/strong><\/p>\n<p>Aufgrund der EU-Einfuhrbeschr\u00e4nkungen beachten Sie bitte die folgenden Hinweise, wenn Sie uns Pakete von au\u00dferhalb der EU schicken m\u00f6chten, um unn\u00f6tige Verz\u00f6gerungen, Kosten und Papierkram zu vermeiden.<\/p>\n<p>Bitte vergewissern Sie sich, dass die folgenden Angaben deutlich auf dem Paket vermerkt sind:<br \/>\n&#8211; Inhalt und Wert. Wenn Sie angeben, dass es sich um ein &#8222;Geschenk&#8220; handelt und der Wert unter 40 Euro liegt, m\u00fcssen wir keine Einfuhrsteuern zahlen.<br \/>\n&#8211; pers\u00f6nlicher Name des Absenders und des Empf\u00e4ngers. Bitte senden Sie es nicht im Namen einer Firma, sondern in Ihrem eigenen Namen und senden Sie es nicht an Samita ASBL oder das Kloster Tilorien, sondern geben Sie den registrierten Namen der Person an, an die Sie das Paket senden. Z.b. Wenn es sich um Ven. Vimala handelt, schicken Sie es bitte an &#8222;M. De Jonge&#8220;. Das Versenden eines &#8222;Geschenks&#8220; ist nur zwischen nat\u00fcrlichen Personen erlaubt.<\/p>\n<p><strong>WICHTIG: Pakete, die ohne vorherige Absprache an uns gesendet werden und f\u00fcr die Einfuhrz\u00f6lle anfallen, werden zur\u00fcckgewiesen und an den Absender zur\u00fcckgeschickt!<\/strong><\/p>\n<p>Vielen Dank f\u00fcr Ihre Aufmerksamkeit!<\/p>","protected":false},"excerpt":{"rendered":"<p>Wenn Sie Mitglied bei Samita ASBL werden wollen, klicken Sie bitte hier, um zum Mitgliedsantrag zu gelangen. Schicken Sie uns mit dem folgenden Formular eine Nachricht: Loading&#8230; Samita ASBL Engreux 49G 6663 Mabompr\u00e9 Belgien Email:samitaasbl@gmail.com Veranstaltungskomitee Email: samitaeventscommittee@gmail.com Samita ASBL&#8230;<br \/><a class=\"read-more-button\" href=\"https:\/\/www.samita.be\/de\/contact\/\">Mehr Lesen<\/a><\/p>\n","protected":false},"author":14,"featured_media":0,"parent":0,"menu_order":12,"comment_status":"closed","ping_status":"closed","template":"","meta":{"footnotes":""},"class_list":["post-47","page","type-page","status-publish","hentry"],"_links":{"self":[{"href":"https:\/\/www.samita.be\/de\/wp-json\/wp\/v2\/pages\/47","targetHints":{"allow":["GET"]}}],"collection":[{"href":"https:\/\/www.samita.be\/de\/wp-json\/wp\/v2\/pages"}],"about":[{"href":"https:\/\/www.samita.be\/de\/wp-json\/wp\/v2\/types\/page"}],"author":[{"embeddable":true,"href":"https:\/\/www.samita.be\/de\/wp-json\/wp\/v2\/users\/14"}],"replies":[{"embeddable":true,"href":"https:\/\/www.samita.be\/de\/wp-json\/wp\/v2\/comments?post=47"}],"version-history":[{"count":62,"href":"https:\/\/www.samita.be\/de\/wp-json\/wp\/v2\/pages\/47\/revisions"}],"predecessor-version":[{"id":9376,"href":"https:\/\/www.samita.be\/de\/wp-json\/wp\/v2\/pages\/47\/revisions\/9376"}],"wp:attachment":[{"href":"https:\/\/www.samita.be\/de\/wp-json\/wp\/v2\/media?parent=47"}],"curies":[{"name":"wp","href":"https:\/\/api.w.org\/{rel}","templated":true}]}}