{"id":6994,"date":"2021-10-01T08:52:03","date_gmt":"2021-10-01T06:52:03","guid":{"rendered":"https:\/\/www.samita.be\/?page_id=6994"},"modified":"2025-05-17T23:31:23","modified_gmt":"2025-05-17T21:31:23","slug":"santacitta-bhikkhuni","status":"publish","type":"page","link":"https:\/\/www.samita.be\/de\/monks-nuns\/santacitta-bhikkhuni\/","title":{"rendered":"Santacitta Bhikkhuni"},"content":{"rendered":"<p><img loading=\"lazy\" decoding=\"async\" class=\"aligncenter\" src=\"https:\/\/www.samita.be\/wp-content\/uploads\/2021\/10\/Santacitta-Bhikkuni.jpg\" alt=\"\" width=\"192\" height=\"191\" \/><\/p>\n<p>Santacitta Bhikkhuni\u00a0stammt aus O\u0308sterreich und studierte Kulturanthropologie mit Schwerpunkt Tanz, Theater und Ritual in Wien. Gleichzeitig war sie auch im Avantgarde-Tanztheater als Darstellerin und Kost\u00fcmbildnerin t\u00e4tig. Eine Begegnung mit Ajahn Buddhadasa 1988 in S\u00fcdthailand weckte ihr Interesse am Klosterleben und 1993 begann ihr Nonnentraining in England und Asien, vor allem in der Traditionslinie von Ajahn Chah und hat auch Belehrungen in der Shechen-Linie des tibetischen Buddhismus erhalten.<\/p>\n<p>Santacitta Bhikkhuni gr\u00fcndete 2009 Aloka Vihara mit und erhielt 2011 die Bhikkhuni-Ordination. Sie engagiert sich f\u00fcr Gaia als Lebewesen und wohnt im <a href=\"https:\/\/alokavihara.org\/aloka-earth-room\/\" target=\"_blank\" rel=\"noopener\">Aloka Earth Room<\/a>, der sich derzeit in San Rafael, Kalifornien befindet.<\/p>","protected":false},"excerpt":{"rendered":"<p>Santacitta Bhikkhuni\u00a0stammt aus O\u0308sterreich und studierte Kulturanthropologie mit Schwerpunkt Tanz, Theater und Ritual in Wien. Gleichzeitig war sie auch im Avantgarde-Tanztheater als Darstellerin und Kost\u00fcmbildnerin t\u00e4tig. Eine Begegnung mit Ajahn Buddhadasa 1988 in S\u00fcdthailand weckte ihr Interesse am Klosterleben und&#8230;<br \/><a class=\"read-more-button\" href=\"https:\/\/www.samita.be\/de\/monks-nuns\/santacitta-bhikkhuni\/\">Mehr Lesen<\/a><\/p>\n","protected":false},"author":15,"featured_media":0,"parent":20,"menu_order":6,"comment_status":"closed","ping_status":"closed","template":"template-full-width.php","meta":{"footnotes":""},"class_list":["post-6994","page","type-page","status-publish","hentry"],"_links":{"self":[{"href":"https:\/\/www.samita.be\/de\/wp-json\/wp\/v2\/pages\/6994","targetHints":{"allow":["GET"]}}],"collection":[{"href":"https:\/\/www.samita.be\/de\/wp-json\/wp\/v2\/pages"}],"about":[{"href":"https:\/\/www.samita.be\/de\/wp-json\/wp\/v2\/types\/page"}],"author":[{"embeddable":true,"href":"https:\/\/www.samita.be\/de\/wp-json\/wp\/v2\/users\/15"}],"replies":[{"embeddable":true,"href":"https:\/\/www.samita.be\/de\/wp-json\/wp\/v2\/comments?post=6994"}],"version-history":[{"count":19,"href":"https:\/\/www.samita.be\/de\/wp-json\/wp\/v2\/pages\/6994\/revisions"}],"predecessor-version":[{"id":8799,"href":"https:\/\/www.samita.be\/de\/wp-json\/wp\/v2\/pages\/6994\/revisions\/8799"}],"up":[{"embeddable":true,"href":"https:\/\/www.samita.be\/de\/wp-json\/wp\/v2\/pages\/20"}],"wp:attachment":[{"href":"https:\/\/www.samita.be\/de\/wp-json\/wp\/v2\/media?parent=6994"}],"curies":[{"name":"wp","href":"https:\/\/api.w.org\/{rel}","templated":true}]}}