{"id":7611,"date":"2023-03-24T09:30:57","date_gmt":"2023-03-24T08:30:57","guid":{"rendered":"https:\/\/www.samita.be\/?page_id=7611"},"modified":"2025-01-22T09:55:00","modified_gmt":"2025-01-22T08:55:00","slug":"books","status":"publish","type":"page","link":"https:\/\/www.samita.be\/de\/media\/books\/","title":{"rendered":"B\u00fccher"},"content":{"rendered":"<p><\/p>\n<h2 style=\"text-align: center;\">Tilorien Chanting Book<\/h2>\n<p style=\"text-align: left;\">Das Tilorien-Gesangbuch kann im Epub- und PDF-Format heruntergeladen werden:<\/p>\n<h4>Deutsche \u00dcbersetzung:<\/h4>\n<p><img loading=\"lazy\" decoding=\"async\" class=\"aligncenter wp-image-6315 size-medium\" src=\"https:\/\/www.samita.be\/wp-content\/uploads\/2020\/10\/altar-0-300x225.jpg\" alt=\"\" width=\"300\" height=\"225\" srcset=\"https:\/\/www.samita.be\/wp-content\/uploads\/2020\/10\/altar-0-300x225.jpg 300w, https:\/\/www.samita.be\/wp-content\/uploads\/2020\/10\/altar-0.jpg 614w\" sizes=\"auto, (max-width: 300px) 100vw, 300px\" \/><\/p>\n<p style=\"text-align: center;\"><a href=\"https:\/\/drive.google.com\/file\/d\/1-A8-byWW-sfEdZirKsDQKx0HUDCKIclK\/view?usp=sharing\" target=\"_blank\" rel=\"noopener noreferrer\">Tilorien Chanting Buch PDF<\/a><\/p>\n<p style=\"text-align: center;\"><a href=\"https:\/\/drive.google.com\/file\/d\/17v4LmhQlVfiXAtpsCMLMUoIwgMWa6OjY\/view?usp=sharing\" target=\"_blank\" rel=\"noopener noreferrer\">Tilorien Chanting Buch EPUB<\/a><\/p>\n<p style=\"text-align: center;\"><a href=\"https:\/\/www.samita.be\/wp-content\/uploads\/2020\/11\/final-Bhi-Chant-Deutsch.pdf\">Arahant Bhikkhuni Chant Deutsch<\/a><\/p>\n<h2 style=\"text-align: center;\">&#8222;Alles was du brauchst ist Wohlwollen und Achtsamkeit&#8220;<\/h2>\n<h3 style=\"text-align: center;\">Ajahn Brahm<\/h3>\n<p>Dieses Buch mit Zitaten von Ajahn Bram und inspirierenden Fotos kann hier kostenlos heruntergeladen werden (auch auf englisch und franz\u00f6sisch):<\/p>\n<p style=\"text-align: center;\"><a href=\"https:\/\/drive.google.com\/file\/d\/16Vvro9CicdN5p8KMCbflcvTk04jlNrO_\/view\" target=\"_blank\" rel=\"noopener noreferrer\">Alles was du brauchst ist Wohlwollen und Achtsamkeit<\/a><\/p>\n<h2 style=\"text-align: center;\">&#8222;Grundlagen der Meditation&#8220;<\/h2>\n<h3 style=\"text-align: center;\">Ajahn Brahm<\/h3>\n<p>Ajahn Brahms einf\u00fchrender Text in die Meditation ist als Nachdruck der vom Haus der Besinnung (Schweiz) 1999 herausgegebenen gedruckten Ausgabe sowie als H\u00f6rbuch bei Samita kostenlos erh\u00e4ltlich. Zum Herunterladen auf das Bild klicken.<\/p>\n<p><center><a href=\"https:\/\/drive.google.com\/file\/d\/1_SJd00TYXmrSxx70au8sw9UKAGIUr55s\/view?usp=sharing\"><img loading=\"lazy\" decoding=\"async\" class=\"alignnone wp-image-896 size-medium\" src=\"https:\/\/sujatogermany.files.wordpress.com\/2015\/12\/lotus-f-grund-medi.jpg?w=211\" alt=\"\" width=\"211\" height=\"300\" \/><\/a><a href=\"https:\/\/www.samita.be\/wp-content\/uploads\/2016\/11\/Grundlagen.mp3\"><img loading=\"lazy\" decoding=\"async\" class=\"alignnone wp-image-897 size-medium\" style=\"margin-left: 5px;\" src=\"https:\/\/sujatogermany.files.wordpress.com\/2015\/12\/ab-grund.jpg?w=300\" alt=\"\" width=\"300\" height=\"300\" \/><\/a><\/center>Bei Interesse <a href=\"https:\/\/www.samita.be\/de\/contact\/\" target=\"_blank\" rel=\"noopener noreferrer\">schicken Sie uns bitte eine Email<\/a>. (Vor\u00fcbergehend nicht lieferbar)<\/p>\n<h2 id=\"deporilib\" style=\"text-align: center;\">&#8222;Abh\u00e4ngiges Entstehen, Abh\u00e4ngige Befreiung&#8220;<\/h2>\n<h3 style=\"text-align: center;\">Ajahn Brahmali<\/h3>\n<p>Weiterhin \u00fcber Samita kostenlos erh\u00e4ltlich sind die B\u00fccher von Ajahn Brahmali: &#8222;Abh\u00e4ngiges Entstehen, Abh\u00e4ngige Befreiung&#8220; : Zum Herunterladen auf das Bild klicken.<\/p>\n<p><center><a href=\"https:\/\/www.samita.be\/wp-content\/uploads\/2016\/12\/BS_Abh.-Entstehen-Befreiung-04.06.2014-2.pdf\"><img loading=\"lazy\" decoding=\"async\" class=\"alignnone size-medium wp-image-473\" src=\"https:\/\/sujatogermany.files.wordpress.com\/2014\/01\/brahmali.jpg?w=189\" alt=\"brahmali\" width=\"189\" height=\"300\" \/><\/a><\/center>Bei Interesse <a href=\"https:\/\/www.samita.be\/de\/contact\/\" target=\"_blank\" rel=\"noopener noreferrer\">schicken Sie uns bitte eine Email<\/a>.<\/p>\n<h2 id=\"deporilib\" style=\"text-align: center;\">&#8222;Warum Samatha und Vipassana unzertrennlich sind&#8220;<\/h2>\n<h3 style=\"text-align: center;\">Ajahn Brahmali<\/h3>\n<p><a href=\"https:\/\/bswa.org\/bswp\/wp-content\/uploads\/2021\/06\/Ajahn_Brahmali_Why_Samatha_and_Vipassana_are_Inseparable_German_Translation.pdf\"><img loading=\"lazy\" decoding=\"async\" class=\" wp-image-6933 aligncenter\" src=\"https:\/\/www.samita.be\/wp-content\/uploads\/2021\/07\/Screenshot-de-214x300.png\" alt=\"\" width=\"260\" height=\"366\" \/><\/a><\/p>\n<p>Die deutsche Ausgabe ist auch als Booklet bei uns erh\u00e4ltlich, bitte senden Sie uns bei Interesse eine Email.<\/p>\n<h2 style=\"text-align: center;\">Verschiedene B\u00fccher von Bhante Sujato<\/h2>\n<p>Bhante Sujatos Schriften finden sich unter: <a href=\"http:\/\/www.santipada.org\/\" target=\"_blank\" rel=\"noopener noreferrer\">www.santipada.org<\/a> oder <a href=\"http:\/\/www.lulu.com\" target=\"_blank\" rel=\"noopener noreferrer\">www.lulu.com<\/a> oder in seinem Blog: <a href=\"http:\/\/sujato.wordpress.com\/\" target=\"_blank\" rel=\"noopener noreferrer\">sujato.wordpress.com<\/a>.<br \/>\nDie B\u00fccher &#8222;<a href=\"https:\/\/archive.org\/details\/DreamOfBhaddaGermanXetexV1.020140210\" target=\"_blank\" rel=\"noopener noreferrer\">Dreams of Bhadda<\/a>&#8220;\u00a0 und &#8222;<a href=\"http:\/\/www.dhamma-dana.de\/buecher\/Sujato\/Die_zwei_Eilboten.pdf\" target=\"_blank\" rel=\"noopener noreferrer\">A Swift Pair of Messengers<\/a>&#8220; liegen auch in deutscher \u00dcbersetzung vor.<\/p>\n<p><img decoding=\"async\" class=\"alignnone wp-image-327 size-medium\" src=\"https:\/\/www.samita.be\/wp-content\/uploads\/2016\/04\/bvsCOVER-205x300.png\" alt=\"bvsCOVER\" width=\"100\" srcset=\"https:\/\/www.samita.be\/wp-content\/uploads\/2016\/04\/bvsCOVER-205x300.png 205w, https:\/\/www.samita.be\/wp-content\/uploads\/2016\/04\/bvsCOVER-768x1126.png 768w, https:\/\/www.samita.be\/wp-content\/uploads\/2016\/04\/bvsCOVER-699x1024.png 699w, https:\/\/www.samita.be\/wp-content\/uploads\/2016\/04\/bvsCOVER-1170x1715.png 1170w, https:\/\/www.samita.be\/wp-content\/uploads\/2016\/04\/bvsCOVER.png 1843w\" sizes=\"(max-width: 205px) 100vw, 205px\" \/> <img decoding=\"async\" class=\"alignnone wp-image-328 size-medium\" src=\"https:\/\/www.samita.be\/wp-content\/uploads\/2016\/04\/dobCOVERebook-225x300-225x300.jpg\" alt=\"dobCOVERebook-225x300\" width=\"100\" \/> <img decoding=\"async\" class=\"alignnone wp-image-329 size-medium\" src=\"https:\/\/www.samita.be\/wp-content\/uploads\/2016\/04\/homCOVER-211x300.png\" alt=\"homCOVER\" width=\"100\" srcset=\"https:\/\/www.samita.be\/wp-content\/uploads\/2016\/04\/homCOVER-211x300.png 211w, https:\/\/www.samita.be\/wp-content\/uploads\/2016\/04\/homCOVER-768x1091.png 768w, https:\/\/www.samita.be\/wp-content\/uploads\/2016\/04\/homCOVER-721x1024.png 721w, https:\/\/www.samita.be\/wp-content\/uploads\/2016\/04\/homCOVER-1170x1662.png 1170w, https:\/\/www.samita.be\/wp-content\/uploads\/2016\/04\/homCOVER.png 1924w\" sizes=\"(max-width: 211px) 100vw, 211px\" \/> <img decoding=\"async\" class=\"alignnone wp-image-330 size-medium\" src=\"https:\/\/www.samita.be\/wp-content\/uploads\/2016\/04\/spmCOVER-205x300.png\" alt=\"spmCOVER\" width=\"100\" srcset=\"https:\/\/www.samita.be\/wp-content\/uploads\/2016\/04\/spmCOVER-205x300.png 205w, https:\/\/www.samita.be\/wp-content\/uploads\/2016\/04\/spmCOVER-768x1122.png 768w, https:\/\/www.samita.be\/wp-content\/uploads\/2016\/04\/spmCOVER-701x1024.png 701w, https:\/\/www.samita.be\/wp-content\/uploads\/2016\/04\/spmCOVER-1170x1710.png 1170w, https:\/\/www.samita.be\/wp-content\/uploads\/2016\/04\/spmCOVER.png 1848w\" sizes=\"(max-width: 205px) 100vw, 205px\" \/> <img decoding=\"async\" class=\"alignnone wp-image-331 size-medium\" src=\"https:\/\/www.samita.be\/wp-content\/uploads\/2016\/04\/ssCOVER-200x300.jpg\" alt=\"ssCOVER\" width=\"100\" srcset=\"https:\/\/www.samita.be\/wp-content\/uploads\/2016\/04\/ssCOVER-200x300.jpg 200w, https:\/\/www.samita.be\/wp-content\/uploads\/2016\/04\/ssCOVER-768x1152.jpg 768w, https:\/\/www.samita.be\/wp-content\/uploads\/2016\/04\/ssCOVER-683x1024.jpg 683w, https:\/\/www.samita.be\/wp-content\/uploads\/2016\/04\/ssCOVER-1170x1755.jpg 1170w, https:\/\/www.samita.be\/wp-content\/uploads\/2016\/04\/ssCOVER.jpg 1804w\" sizes=\"(max-width: 200px) 100vw, 200px\" \/> <img decoding=\"async\" class=\"alignnone wp-image-332 size-medium\" src=\"https:\/\/www.samita.be\/wp-content\/uploads\/2016\/04\/wbrrbsCOVER-203x300.jpg\" alt=\"wbrrbsCOVER\" width=\"100\" srcset=\"https:\/\/www.samita.be\/wp-content\/uploads\/2016\/04\/wbrrbsCOVER-203x300.jpg 203w, https:\/\/www.samita.be\/wp-content\/uploads\/2016\/04\/wbrrbsCOVER-768x1133.jpg 768w, https:\/\/www.samita.be\/wp-content\/uploads\/2016\/04\/wbrrbsCOVER-694x1024.jpg 694w, https:\/\/www.samita.be\/wp-content\/uploads\/2016\/04\/wbrrbsCOVER-1170x1726.jpg 1170w, https:\/\/www.samita.be\/wp-content\/uploads\/2016\/04\/wbrrbsCOVER.jpg 1853w\" sizes=\"(max-width: 203px) 100vw, 203px\" \/><\/p>\n<p><strong>Die Authentizit\u00e4t der fr\u00fchen buddhistischen Texte:<\/strong> Bhante Sujato und Ajahn Brahmali haben dieses Buch herausgebracht, in dem sie die bisherigen Forschungen zu Fragen der Authentizit\u00e4t der fr\u00fchen buddhistischen Texte zusammentragen und erstmals in einer Gesamtschau pr\u00e4sentieren.\u00a0<span style=\"color: #222222;\">Lesen Sie hier (in englischer Sprache):\u00a0<a href=\"http:\/\/ocbs.org\/wp-content\/uploads\/2015\/09\/authenticity.pdf\" target=\"_blank\" rel=\"noopener noreferrer\">http:\/\/ocbs.org\/wp-content\/uploads\/2015\/09\/authenticity.pdf<\/a><\/span><\/p>\n<p>Deutsche \u00dcbersetzung:<\/p>\n<h2 id=\"authentizit\u00e4t\" style=\"text-align: center;\">Die Authentizit\u00e4t der Fr\u00fchbuddhistischen Texte<\/h2>\n<h3 style=\"text-align: center;\">von Bhikkhu Sujato &amp; Bhikkhu Brahmali<\/h3>\n<p>&nbsp;<\/p>\n<p><a href=\"https:\/\/drive.google.com\/file\/d\/1V8wYM5auE0JYC3nfBCOn5PkLr_kOMbOs\/view?usp=sharing\"><img loading=\"lazy\" decoding=\"async\" class=\"aligncenter size-medium wp-image-3457\" src=\"https:\/\/www.samita.be\/wp-content\/uploads\/2016\/04\/Bildschirmfoto-vom-2017-11-30-09-58-48-213x300.jpg\" alt=\"\" width=\"213\" height=\"300\" srcset=\"https:\/\/www.samita.be\/wp-content\/uploads\/2016\/04\/Bildschirmfoto-vom-2017-11-30-09-58-48-213x300.jpg 213w, https:\/\/www.samita.be\/wp-content\/uploads\/2016\/04\/Bildschirmfoto-vom-2017-11-30-09-58-48.jpg 479w\" sizes=\"auto, (max-width: 213px) 100vw, 213px\" \/><\/a><\/p>\n<p>Zum Herunterladen auf das Bild klicken.<\/p>\n<p>Samita hat leider keine gedruckte Ausgabe mehr im Angebot, aber Sie k\u00f6nnen immer noch <a href=\"http:\/\/www.buddhareden.de\/\" target=\"_blank\" rel=\"noopener noreferrer\">den Verlag kontaktieren<\/a>.<\/p>\n<p>Mehr zum Thema:\u00a0<a href=\"https:\/\/www.samita.be\/en\/media\/authenticity-of-early-buddhist-texts\/\" target=\"_blank\" rel=\"noopener noreferrer\">https:\/\/www.samita.be\/de\/media\/authenticity-of-early-buddhist-texts\/<\/a><\/p>\n<h2 style=\"text-align: center;\">&#8222;Der Elefant, der das Gl\u00fcck verga\u00df&#8220;<\/h2>\n<h3 style=\"text-align: center;\">Ajahn Brahm<\/h3>\n<p>Die deutsche \u00dcbersetzung von Ajahn Brahms Buch\u00a0&#8222;Don&#8217;t worry, be grumpy&#8220; (Der Elefant, der das Gl\u00fcck verga\u00df), das beim Lotos Verlag erschienen ist, stand auf Platz 4 in der deutschen Bestsellerliste!<br \/>\nDas Buch erhalten Sie bei\u00a0<a href=\"http:\/\/www.randomhouse.de\/Buch\/Der-Elefant-der-das-Glueck-vergass\/Ajahn-Brahm\/e471119.rhd\" target=\"_blank\" rel=\"noopener noreferrer\">Random House<\/a> oder als\u00a0Kindle-Edition bei\u00a0<a href=\"http:\/\/www.amazon.com\/Elefant-das-Gl%C3%BCck-verga%C3%9F-Buddhistische-ebook\/dp\/B00R6U90LC\/ref=sr_1_1?s=digital-text&amp;ie=UTF8&amp;qid=1433052472&amp;sr=1-1&amp;keywords=der+elefant%2C+der+das\" target=\"_blank\" rel=\"noopener noreferrer\">Amazon<\/a>.<\/p>\n<p><a href=\"https:\/\/sujatoeurope.files.wordpress.com\/2015\/05\/299_8251_153339_xl.jpg\"><img loading=\"lazy\" decoding=\"async\" class=\"aligncenter size-medium wp-image-446\" src=\"https:\/\/sujatoeurope.files.wordpress.com\/2015\/05\/299_8251_153339_xl.jpg?w=188\" alt=\"Ajahn Brahm\" width=\"188\" height=\"300\" \/><\/a><\/p>\n<h2 class=\"media__header2\" style=\"text-align: center;\">Die gesammelten Lehren von Ajahn Chah<\/h2>\n<p><a href=\"https:\/\/forestsangha.org\/teachings\/books\/die-gesammelten-lehren-von-ajahn-chah?language=Deutsch\"><img loading=\"lazy\" decoding=\"async\" class=\"wp-image-6725 aligncenter\" src=\"https:\/\/www.samita.be\/wp-content\/uploads\/2021\/05\/Die-gesammelten-Lehren-von-Ajahn-Chah-web-Cover.jpg\" alt=\"\" width=\"173\" height=\"260\" \/><\/a>Eine umfangreiche Sammlung von 58 Lehrvortr\u00e4gen von Ajahn Chah, die vom Thail\u00e4ndischen und Isaan-Dialekt zun\u00e4chst ins Englische und anschlie\u00dfend ins Deutsche \u00fcbertragen wurden.<\/p>\n<p><a href=\"https:\/\/forestsangha.org\/teachings\/books?language=Deutsch\">Auf dieser Website <\/a>k\u00f6nnen auch weitere deutsche Texte \/ \u00dcbersetzungen gefunden werden.<\/p>","protected":false},"excerpt":{"rendered":"<p>Tilorien Chanting Book Das Tilorien-Gesangbuch kann im Epub- und PDF-Format heruntergeladen werden: Deutsche \u00dcbersetzung: Tilorien Chanting Buch PDF Tilorien Chanting Buch EPUB Arahant Bhikkhuni Chant Deutsch &#8222;Alles was du brauchst ist Wohlwollen und Achtsamkeit&#8220; Ajahn Brahm Dieses Buch mit Zitaten&#8230;<br \/><a class=\"read-more-button\" href=\"https:\/\/www.samita.be\/de\/media\/books\/\">Mehr Lesen<\/a><\/p>\n","protected":false},"author":14,"featured_media":0,"parent":313,"menu_order":0,"comment_status":"closed","ping_status":"closed","template":"","meta":{"footnotes":""},"class_list":["post-7611","page","type-page","status-publish","hentry"],"_links":{"self":[{"href":"https:\/\/www.samita.be\/de\/wp-json\/wp\/v2\/pages\/7611","targetHints":{"allow":["GET"]}}],"collection":[{"href":"https:\/\/www.samita.be\/de\/wp-json\/wp\/v2\/pages"}],"about":[{"href":"https:\/\/www.samita.be\/de\/wp-json\/wp\/v2\/types\/page"}],"author":[{"embeddable":true,"href":"https:\/\/www.samita.be\/de\/wp-json\/wp\/v2\/users\/14"}],"replies":[{"embeddable":true,"href":"https:\/\/www.samita.be\/de\/wp-json\/wp\/v2\/comments?post=7611"}],"version-history":[{"count":28,"href":"https:\/\/www.samita.be\/de\/wp-json\/wp\/v2\/pages\/7611\/revisions"}],"predecessor-version":[{"id":8598,"href":"https:\/\/www.samita.be\/de\/wp-json\/wp\/v2\/pages\/7611\/revisions\/8598"}],"up":[{"embeddable":true,"href":"https:\/\/www.samita.be\/de\/wp-json\/wp\/v2\/pages\/313"}],"wp:attachment":[{"href":"https:\/\/www.samita.be\/de\/wp-json\/wp\/v2\/media?parent=7611"}],"curies":[{"name":"wp","href":"https:\/\/api.w.org\/{rel}","templated":true}]}}