{"id":8969,"date":"2025-09-02T13:23:17","date_gmt":"2025-09-02T11:23:17","guid":{"rendered":"https:\/\/www.samita.be\/?page_id=8969"},"modified":"2025-09-21T22:05:42","modified_gmt":"2025-09-21T20:05:42","slug":"sayalay-sunyanandi","status":"publish","type":"page","link":"https:\/\/www.samita.be\/en\/monks-nuns\/sayalay-sunyanandi\/","title":{"rendered":"Sayalay Su\u00f1\u00f1anand\u012b"},"content":{"rendered":"<p>Sayalay Su\u00f1\u00f1anand\u012b (Sunya for short) was ordained in Frankfurt, Germany, on August 9, 2025 by <a href=\"https:\/\/www.facebook.com\/kusalasami\/\" target=\"_blank\" rel=\"noopener\">Ven. Kusalasami<\/a>, founder of <a href=\"https:\/\/www.facebook.com\/dhammachayabuddhistcenterdenmark\" target=\"_blank\" rel=\"noopener\">Dhammachaya Buddhist Center, Denmark<\/a>, as a 10-precept nun (S\u012blashin) in the Burmese tradition.<\/p>\n<p><img loading=\"lazy\" decoding=\"async\" class=\"aligncenter size-medium wp-image-8972\" src=\"https:\/\/www.samita.be\/wp-content\/uploads\/2025\/09\/Sunnanandi-265x300.jpeg\" alt=\"\" width=\"265\" height=\"300\" srcset=\"https:\/\/www.samita.be\/wp-content\/uploads\/2025\/09\/Sunnanandi-265x300.jpeg 265w, https:\/\/www.samita.be\/wp-content\/uploads\/2025\/09\/Sunnanandi.jpeg 693w\" sizes=\"auto, (max-width: 265px) 100vw, 265px\" \/><\/p>\n<p>Born in the USA, she was raised in <a href=\"https:\/\/en.wikipedia.org\/wiki\/Christian_Science\" target=\"_blank\" rel=\"noopener\">Christian Science<\/a>, arguably the best Christian sect to prepare one for Buddhism, and first encountered Buddhism in 1997 at the Rinzai Zen center <a href=\"https:\/\/bmzc.org\/\" target=\"_blank\" rel=\"noopener\">Bodhi Manda<\/a>, in Jemez Springs, New Mexico. As she learned more about the Dhamma, she found it challenging to practice Harmonious Lifestyle (samm\u0101-\u0101j\u012bva) while working as an applied mathematician at Los Alamos National Laboratory, the center of nuclear weapons research in the United States.<\/p>\n<p>Leaving New Mexico and her mathematical career behind in 2001, she moved, together with her two daughters and husband, to the <a href=\"https:\/\/www.cttbusa.org\/\" target=\"_blank\" rel=\"noopener\">City of Ten Thousand Buddhas<\/a> in northern California, a community of monastics and laypeople in the Chinese Mahayana tradition, where they lived for three years. Through these Mahayana traditions, she was exposed to two models of renunciation- Zen priest and Bhik\u1e63u\u1e47\u012b- and experienced the desire to \u201cgo forth into the homeless life\u201d. However, the circumstances were not favorable for that, as her daughters were still young.<\/p>\n<p>After building a new career as a consultant in knowledge representation (the <i>other<\/i> kind of AI), while working temporarily in Berlin in 2016 she encountered a monk in the Thai Forest tradition (<a href=\"http:\/\/www.jivakusala.de\/\" target=\"_blank\" rel=\"noopener\">Ajahn Leif Sudhammo<\/a> of J\u012bva Kusala) on the subway, and offered him a carrot from her lunch. What blossomed from this \u201ccarrot-merit\u201d was a gradual introduction to the Pali Canon from a variety of sources* and, starting in 2018, seven years (self-)training under the eight monastic precepts. She ordained as Anag\u0101rik\u0101 in August 2021 with Bhikkhun\u012b Vimala at Tilorien Monastery, and then went wandering.<\/p>\n<p>Sunya was honored to spent a good part of her Anag\u0101rik\u0101 years living and studying with <a href=\"https:\/\/buddhismus-aktuell.de\/tod-friedgard-lottermoser\/\" target=\"_blank\" rel=\"noopener\">S\u0101ma\u1e47eri Aki\u00f1can\u0101<\/a> in Germany and Sri Lanka. At present, she splits her time between Sri Lanka, the USA, and Tilorien. In Sri Lanka, she resides at the <a href=\"https:\/\/maps.app.goo.gl\/Dioc2TFbBEhjxhAn9\" target=\"_blank\" rel=\"noopener\">Sri Subodha Meditation Center, Ambuluwawa<\/a> where she studies with her teacher Ven. Dhammashanti, a senior disciple of the late <a href=\"https:\/\/www.buddhismdemystified.org\/our-teacher\" target=\"_blank\" rel=\"noopener\">Rev. Dr. Madawela Punnaji<\/a>, and is enrolled for a Diploma of Buddhist Studies at <a href=\"https:\/\/www.facebook.com\/people\/Siri-Subodha-International-Buddhist-Academy-and-Research-Institute\/61562235616567\/?_rdr\" target=\"_blank\" rel=\"noopener\">SIBARI<\/a>.<\/p>\n<p>*Sayalay Su\u00f1\u00f1anand\u012b wishes to acknowledge the following Buddhist teachers, guides, and sponsors, in addition to those mentioned above: <a href=\"https:\/\/bmzc.org\/our-abbess\" target=\"_blank\" rel=\"noopener\">Jiun Hosen<\/a>, Osho of Bodhi Manda, <a href=\"https:\/\/mahapajapatifoundation.org\/ayya-gunasari\/\" target=\"_blank\" rel=\"noopener\">Bhikkun\u012b Gu\u1e47as\u0101ri<\/a> of Mah\u0101paj\u0101pati Monastery, the disciples of <a href=\"https:\/\/www.dhammadena.org\/about\/legacy-of-ruth-denison\" target=\"_blank\" rel=\"noopener\">Ruth Denison<\/a> at Dhamma Dena Meditation Center, <a href=\"https:\/\/www.bluelotustemple.org\/bhante-sujatha\/\" target=\"_blank\" rel=\"noopener\">Bhante Sujata<\/a> of Blue Lotus Temple, V\u012bmala Judy Franklin, Bhikkun\u012b Vimalany\u0101ni of Kloster Wassermond, <a href=\"https:\/\/bhavanasociety.org\/about\/the-community\/\" target=\"_blank\" rel=\"noopener\">Bhante Gunaratana Mahathera<\/a> of Bh\u0101van\u0101 Society, <a href=\"https:\/\/srilankaramaqld.org.au\/team\/most-ven-wattegama-dhammawasa-nayaka-thero\/\" target=\"_blank\" rel=\"noopener\">Ven. Dhammawasa Thero<\/a> of Sri Subodharama, Peradeniya.<\/p>","protected":false},"excerpt":{"rendered":"<p>Sayalay Su\u00f1\u00f1anand\u012b (Sunya for short) was ordained in Frankfurt, Germany, on August 9, 2025 by Ven. Kusalasami, founder of Dhammachaya Buddhist Center, Denmark, as a 10-precept nun (S\u012blashin) in the Burmese tradition. Born in the USA, she was raised in&#8230;<br \/><a class=\"read-more-button\" href=\"https:\/\/www.samita.be\/en\/monks-nuns\/sayalay-sunyanandi\/\">Read more<\/a><\/p>\n","protected":false},"author":18,"featured_media":0,"parent":20,"menu_order":11,"comment_status":"closed","ping_status":"closed","template":"template-full-width.php","meta":{"footnotes":""},"class_list":["post-8969","page","type-page","status-publish","hentry"],"_links":{"self":[{"href":"https:\/\/www.samita.be\/en\/wp-json\/wp\/v2\/pages\/8969","targetHints":{"allow":["GET"]}}],"collection":[{"href":"https:\/\/www.samita.be\/en\/wp-json\/wp\/v2\/pages"}],"about":[{"href":"https:\/\/www.samita.be\/en\/wp-json\/wp\/v2\/types\/page"}],"author":[{"embeddable":true,"href":"https:\/\/www.samita.be\/en\/wp-json\/wp\/v2\/users\/18"}],"replies":[{"embeddable":true,"href":"https:\/\/www.samita.be\/en\/wp-json\/wp\/v2\/comments?post=8969"}],"version-history":[{"count":32,"href":"https:\/\/www.samita.be\/en\/wp-json\/wp\/v2\/pages\/8969\/revisions"}],"predecessor-version":[{"id":9016,"href":"https:\/\/www.samita.be\/en\/wp-json\/wp\/v2\/pages\/8969\/revisions\/9016"}],"up":[{"embeddable":true,"href":"https:\/\/www.samita.be\/en\/wp-json\/wp\/v2\/pages\/20"}],"wp:attachment":[{"href":"https:\/\/www.samita.be\/en\/wp-json\/wp\/v2\/media?parent=8969"}],"curies":[{"name":"wp","href":"https:\/\/api.w.org\/{rel}","templated":true}]}}