{"id":39,"date":"2016-02-15T07:31:03","date_gmt":"2016-02-15T06:31:03","guid":{"rendered":"https:\/\/www.samita.be\/?page_id=39"},"modified":"2025-01-22T10:41:47","modified_gmt":"2025-01-22T09:41:47","slug":"bhante-sujato","status":"publish","type":"page","link":"https:\/\/www.samita.be\/fr\/monks-nuns\/bhante-sujato\/","title":{"rendered":"Bhante Sujato"},"content":{"rendered":"<p><a href=\"http:\/\/sujatogermany.files.wordpress.com\/2013\/03\/sujato.jpg\"><img loading=\"lazy\" decoding=\"async\" class=\"size-medium wp-image-5 aligncenter\" src=\"http:\/\/sujatogermany.files.wordpress.com\/2013\/03\/sujato.jpg?w=235\" alt=\"sujato\" width=\"235\" height=\"300\" \/><\/a><\/p>\n<p>Bhante Sujato est un moine bouddhiste australien dans la tradition tha\u00eflandaise de la for\u00eat. Pendant dix ans, il fut l\u2019abb\u00e9 du monast\u00e8re de Santi Forest dans les Highlands du Sud en Nouvelle-Galles du Sud. Bhante Sujato est un \u00e9rudit pali et un professeur de m\u00e9ditation tr\u00e8s respect\u00e9. Il apporte une rare combinaison d\u2019humour, de compassion et d\u2019\u00e9rudition \u00e0 ses enseignements qui nous montrent comment vivre nos vies actives conform\u00e9ment aux principes bouddhistes de base.<\/p>\n<p>Au cours de ces derni\u00e8res ann\u00e9es, Bhante Sujato s\u2019est lui-m\u00eame engag\u00e9 \u00e0 rendre les enseignements du Bouddha disponibles sous leur forme authentique \u00e0 toutes les personnes int\u00e9ress\u00e9es dans le monde entier. Pour ce faire, il fait appel \u00e0 des m\u00e9dias modernes et a d\u00e9velopp\u00e9 <strong>le site <a title=\"SuttaCentral\" href=\"http:\/\/suttacentral.net\/\" target=\"_blank\" rel=\"noopener noreferrer\">SuttaCentral<\/a><\/strong>, dans lequel on trouve les textes bouddhistes du Canon Pali, y compris leurs parall\u00e8les chinois, tib\u00e9tains et sanskrits, ainsi que de nombreuses traductions en langues modernes \u2013 et d\u2019autres traductions sont ajout\u00e9es r\u00e9guli\u00e8rement!<\/p>\n<p>De 2015 \u00e0 2018, Bhante Sujato a fait une <strong>nouvelle traduction de l&rsquo;enti\u00e8ret\u00e9 des quatre Nikayas palis en anglais<\/strong>. Celle-ci peut \u00eatre consult\u00e9e sur SuttaCentral.<\/p>\n<p>Les dons pour ce projet peuvent \u00eatre effectu\u00e9s en ligne ou par virement bancaire: <a title=\"Sutta Central donations\" href=\"https:\/\/suttacentral.net\/donations\" target=\"_blank\" rel=\"noopener noreferrer\">https:\/\/suttacentral.net\/donations<\/a>.<\/p>\n<p><strong>Les \u00e9crits de Bhante Sujato<\/strong> sont disponibles \u00e0 <a href=\"http:\/\/discourse.suttacentral.net\" target=\"_blank\" rel=\"noopener noreferrer\">discourse.suttacentral.net<\/a>\u00a0ou sur son blog:\u00a0<a href=\"http:\/\/sujato.wordpress.com\/\">sujato.wordpress.com<\/a>. Il discute son travail de traduction sur <a href=\"https:\/\/discourse.suttacentral.net\" target=\"_blank\" rel=\"noopener noreferrer\">https:\/\/discourse.suttacentral.net<\/a> (chercher \u00ab\u00a0ebt-translation\u00a0\u00bb).<\/p>\n<p><a href=\"https:\/\/suttacentral.net\/donations\"><img loading=\"lazy\" decoding=\"async\" class=\"aligncenter wp-image-648 size-medium\" src=\"https:\/\/sujatogermany.files.wordpress.com\/2015\/03\/unnamed.jpg?w=300\" alt=\"\" width=\"300\" height=\"231\" \/><\/a><\/p>\n<p><strong>Audio d\u2019une retraite Metta<\/strong> avec Bhante Sujato en Australie, sur le site web de <a href=\"https:\/\/bswa.org\/teaching\/2011-june-9-day-metta-retreat-ajahn-sujato\/\" target=\"_blank\" rel=\"noopener noreferrer\">la BSWA<\/a>\u00a0et\u00a0sur le\u00a0<a href=\"http:\/\/santifm.org\/santi\/downloads\/\" target=\"_blank\" rel=\"noopener noreferrer\">site du monast\u00e8re de la for\u00eat Santi<\/a>\u00a0(sous \u00ab\u00a0Retreats\u00a0\u00bb, 2007 Metta Meditation Course).<\/p>\n<p>Les fichiers audio de la Retraite Metta qui a eu lieu \u00e0 Shanti Seminarhaus, Allemagne, en d\u00e9cembre 2013 sont disponibles en t\u00e9l\u00e9chargement sur\u00a0<a href=\"http:\/\/www.dhammanet.org\/archive\/Metta_Retreat_Germany_2013\" target=\"_blank\" rel=\"noopener noreferrer\">Dhammanet<\/a>.<\/p>\n<p><strong>L\u2019authenticit\u00e9 des textes bouddhistes anciens:<\/strong> Bhante Sujato et Ajahn Brahmali ont publi\u00e9 ce livre, dans lequel ils ont synth\u00e9tis\u00e9 les recherches effectu\u00e9es sur le sujet de l\u2019authenticit\u00e9 des textes bouddhistes. Ce travail pr\u00e9sente pour la premi\u00e8re fois un aper\u00e7u de toutes les recherches en cours dans ce domaine. Vous pouvez t\u00e9l\u00e9charger le livre sur <a href=\"http:\/\/ocbs.org\/wp-content\/uploads\/2015\/09\/authenticity.pdf\" target=\"_blank\" rel=\"noopener noreferrer\">http:\/\/ocbs.org\/wp-content\/uploads\/2015\/09\/authenticity.pdf<\/a>\u00a0en anglais ou <a href=\"https:\/\/drive.google.com\/file\/d\/1cOirfrsM92kpNJux4kwEgG5zOJDa80tN\/view?usp=sharing\" target=\"_blank\" rel=\"noopener noreferrer\">en traduction fran\u00e7aise<\/a>.<\/p>\n<p><strong>Interviews avec Bhante Sujato (en anglais):<\/strong><\/p>\n<ul>\n<li>2013 avec\u00a0<a href=\"https:\/\/youtu.be\/D_4XIIUyCuU\" target=\"_blank\" rel=\"noopener noreferrer\">Dhammanet<\/a><\/li>\n<li>2016 avec\u00a0<a href=\"https:\/\/www.buddhistdoor.net\/features\/an-afternoon-with-ajahn-sujato-personal-courage-and-restoring-the-sanghas-moral-purpose\" target=\"_blank\" rel=\"noopener noreferrer\">Buddhstdoor global<\/a><\/li>\n<li>2018 avec\u00a0<a href=\"http:\/\/www.abc.net.au\/radionational\/programs\/spiritofthings\/western-buddhism\/9526608\" target=\"_blank\" rel=\"noopener noreferrer\">The Spirit of Things<\/a><\/li>\n<\/ul>\n<p>&nbsp;<\/p>","protected":false},"excerpt":{"rendered":"<p>Bhante Sujato est un moine bouddhiste australien dans la tradition tha\u00eflandaise de la for\u00eat. Pendant dix ans, il fut l\u2019abb\u00e9 du monast\u00e8re de Santi Forest dans les Highlands du Sud en Nouvelle-Galles du Sud. Bhante Sujato est un \u00e9rudit pali&#8230;<br \/><a class=\"read-more-button\" href=\"https:\/\/www.samita.be\/fr\/monks-nuns\/bhante-sujato\/\">Savoir plus<\/a><\/p>\n","protected":false},"author":14,"featured_media":0,"parent":20,"menu_order":2,"comment_status":"closed","ping_status":"closed","template":"template-full-width.php","meta":{"footnotes":""},"class_list":["post-39","page","type-page","status-publish","hentry"],"_links":{"self":[{"href":"https:\/\/www.samita.be\/fr\/wp-json\/wp\/v2\/pages\/39","targetHints":{"allow":["GET"]}}],"collection":[{"href":"https:\/\/www.samita.be\/fr\/wp-json\/wp\/v2\/pages"}],"about":[{"href":"https:\/\/www.samita.be\/fr\/wp-json\/wp\/v2\/types\/page"}],"author":[{"embeddable":true,"href":"https:\/\/www.samita.be\/fr\/wp-json\/wp\/v2\/users\/14"}],"replies":[{"embeddable":true,"href":"https:\/\/www.samita.be\/fr\/wp-json\/wp\/v2\/comments?post=39"}],"version-history":[{"count":53,"href":"https:\/\/www.samita.be\/fr\/wp-json\/wp\/v2\/pages\/39\/revisions"}],"predecessor-version":[{"id":8618,"href":"https:\/\/www.samita.be\/fr\/wp-json\/wp\/v2\/pages\/39\/revisions\/8618"}],"up":[{"embeddable":true,"href":"https:\/\/www.samita.be\/fr\/wp-json\/wp\/v2\/pages\/20"}],"wp:attachment":[{"href":"https:\/\/www.samita.be\/fr\/wp-json\/wp\/v2\/media?parent=39"}],"curies":[{"name":"wp","href":"https:\/\/api.w.org\/{rel}","templated":true}]}}