{"id":41,"date":"2016-02-15T07:32:13","date_gmt":"2016-02-15T06:32:13","guid":{"rendered":"https:\/\/www.samita.be\/?page_id=41"},"modified":"2021-05-08T13:55:23","modified_gmt":"2021-05-08T11:55:23","slug":"ayya-yeshe-chodron","status":"publish","type":"page","link":"https:\/\/www.samita.be\/fr\/monks-nuns\/ayya-yeshe-chodron\/","title":{"rendered":"Ayya Yeshe Chodron"},"content":{"rendered":"<p><a href=\"http:\/\/sujatoeurope.files.wordpress.com\/2014\/01\/dec2012-083.jpg\"><img loading=\"lazy\" decoding=\"async\" class=\"aligncenter size-full wp-image-112\" src=\"http:\/\/sujatoeurope.files.wordpress.com\/2014\/01\/dec2012-083.jpg\" alt=\"dec2012-083\" width=\"300\" height=\"201\" \/><\/a><\/p>\n<p>Ayya Yeshe est une nonne pleinement ordonn\u00e9e depuis 2001. Elle est tout \u00e0 la fois une contemplative, une enseignante et une militante engag\u00e9e socialement et pour la cause f\u00e9ministe. Elle dirige la Bodhicitta Foundation India (une organisation caritative qui vient en aide aux ex-\u00abintouchables\u00bb indiens \u00e9conomiquement d\u00e9favoris\u00e9s). Elle est \u00e9galement abbesse du monast\u00e8re de Bodhicitta Dakini en Australie. Ayya a \u00e9crit \u00abEveryday Enlightenment\u00bb publi\u00e9 par Harper Collins et compte 95 000 consultations pour son CD de chants sacr\u00e9s \u00abDakini\u00bb. La maxime d\u2019Ayya est : \u00abNe maudissez pas les t\u00e9n\u00e8bres, allumez une bougie.\u00bb (Gandhi). Ayya pratique une fusion du bouddhisme tib\u00e9tain et du Theravada et ses professeurs incluent Thich Nhat Hanh, Bhante Sujato et le Dala\u00ef Lama.<br \/>\nVous trouverez plus d&rsquo;informations \u00e0 propos d&rsquo;Ayya Yeshe sur\u00a0: <a href=\"https:\/\/ayyayeshe.wordpress.com\/\">https:\/\/ayyayeshe.wordpress.com\/<\/a>, <a href=\"https:\/\/bodhicitta-monastery.com\/\">https:\/\/bodhicitta-monastery.com\/<\/a>\u00a0et\u00a0<a href=\"http:\/\/www.bodhicitta-vihara.com\/\" target=\"_blank\" rel=\"noopener\">http:\/\/www.bodhicitta-vihara.com\/<\/a>.<\/p>\n<div class=\"lyte-wrapper\" title=\"Bodhicitta Foundation\" style=\"width:560px;max-width:100%;margin:5px auto;\"><div class=\"lyMe\" id=\"WYL_gCOpZ3kpIJU\" itemprop=\"video\" itemscope itemtype=\"https:\/\/schema.org\/VideoObject\"><div><meta itemprop=\"thumbnailUrl\" content=\"https:\/\/i.ytimg.com\/vi\/gCOpZ3kpIJU\/hqdefault.jpg\" \/><meta itemprop=\"embedURL\" content=\"https:\/\/www.youtube.com\/embed\/gCOpZ3kpIJU\" \/><meta itemprop=\"duration\" content=\"PT13M34S\" \/><meta itemprop=\"uploadDate\" content=\"2012-09-01T08:23:26Z\" \/><\/div><div id=\"lyte_gCOpZ3kpIJU\" data-src=\"https:\/\/i.ytimg.com\/vi\/gCOpZ3kpIJU\/hqdefault.jpg\" class=\"pL\"><div class=\"tC\"><div class=\"tT\" itemprop=\"name\">Bodhicitta Foundation<\/div><\/div><div class=\"play\"><\/div><div class=\"ctrl\"><div class=\"Lctrl\"><\/div><div class=\"Rctrl\"><\/div><\/div><\/div><noscript><a href=\"https:\/\/youtu.be\/gCOpZ3kpIJU\" rel=\"nofollow\"><img loading=\"lazy\" decoding=\"async\" src=\"https:\/\/i.ytimg.com\/vi\/gCOpZ3kpIJU\/0.jpg\" alt=\"Bodhicitta Foundation\" width=\"560\" height=\"295\" \/><br \/>Lire cette vid\u00e9o sur YouTube<\/a><\/noscript><meta itemprop=\"description\" content=\"Bodhicitta Foundation is a socially engaged charity that helps ex &#039;untouchable Indians - a community that was previously enslaved and forced to do the most demeaning kinds of work for little pay. We also help slum people. We offer a women&#039;s job training centre, sewing, english computer classes and have a children&#039;s study centre (because the schools are so bad). We offer counselling for domestic violence, have a malnourished children&#039;s programme and sometimes offer basic medical and housing assistance. We are a small grass roots charity with big dreams. You can sponsor a child for &#36;40 a month AU&#36; see www.bodhicitta-vihara.com our spiritual Director is Venerable Yeshe Bodhicitta who overseas the work in the slum.\"><\/div><\/div><div class=\"lL\" style=\"max-width:100%;width:560px;margin:5px auto;\"><\/div><\/p>\n<div class=\"lyte-wrapper\" title=\"Life in Red - A Journey from Sydney Suburbs to Nagpur Slums\" style=\"width:560px;max-width:100%;margin:5px auto;\"><div class=\"lyMe\" id=\"WYL_GvzKfwF5vDk\" itemprop=\"video\" itemscope itemtype=\"https:\/\/schema.org\/VideoObject\"><div><meta itemprop=\"thumbnailUrl\" content=\"https:\/\/i.ytimg.com\/vi\/GvzKfwF5vDk\/hqdefault.jpg\" \/><meta itemprop=\"embedURL\" content=\"https:\/\/www.youtube.com\/embed\/GvzKfwF5vDk\" \/><meta itemprop=\"duration\" content=\"PT11M34S\" \/><meta itemprop=\"uploadDate\" content=\"2016-07-09T11:04:25Z\" \/><\/div><div id=\"lyte_GvzKfwF5vDk\" data-src=\"https:\/\/i.ytimg.com\/vi\/GvzKfwF5vDk\/hqdefault.jpg\" class=\"pL\"><div class=\"tC\"><div class=\"tT\" itemprop=\"name\">Life in Red - A Journey from Sydney Suburbs to Nagpur Slums<\/div><\/div><div class=\"play\"><\/div><div class=\"ctrl\"><div class=\"Lctrl\"><\/div><div class=\"Rctrl\"><\/div><\/div><\/div><noscript><a href=\"https:\/\/youtu.be\/GvzKfwF5vDk\" rel=\"nofollow\"><img loading=\"lazy\" decoding=\"async\" src=\"https:\/\/i.ytimg.com\/vi\/GvzKfwF5vDk\/0.jpg\" alt=\"Life in Red - A Journey from Sydney Suburbs to Nagpur Slums\" width=\"560\" height=\"295\" \/><br \/>Lire cette vid\u00e9o sur YouTube<\/a><\/noscript><meta itemprop=\"description\" content=\"Ayya Yeshe, an Australian Buddhist nun, working in slums of Nagpur, India, with Dalits (ex untouchables), speaks about her work and life. In this process, she also unveils many unspoken issues within Tibetan Buddhist structure. For more details about Ayya Yeshe and her work, please visit http:\/\/bodhicitta-vihara.com Australian monastery: www.bodhicitta-monastery.com\"><\/div><\/div><div class=\"lL\" style=\"max-width:100%;width:560px;margin:5px auto;\"><\/div><\/p>\n<p>&nbsp;<\/p>","protected":false},"excerpt":{"rendered":"<p>Ayya Yeshe est une nonne pleinement ordonn\u00e9e depuis 2001. Elle est tout \u00e0 la fois une contemplative, une enseignante et une militante engag\u00e9e socialement et pour la cause f\u00e9ministe. Elle dirige la Bodhicitta Foundation India (une organisation caritative qui vient&#8230;<br \/><a class=\"read-more-button\" href=\"https:\/\/www.samita.be\/fr\/monks-nuns\/ayya-yeshe-chodron\/\">Savoir plus<\/a><\/p>\n","protected":false},"author":14,"featured_media":0,"parent":20,"menu_order":4,"comment_status":"closed","ping_status":"closed","template":"template-full-width.php","meta":{"footnotes":""},"class_list":["post-41","page","type-page","status-publish","hentry"],"_links":{"self":[{"href":"https:\/\/www.samita.be\/fr\/wp-json\/wp\/v2\/pages\/41","targetHints":{"allow":["GET"]}}],"collection":[{"href":"https:\/\/www.samita.be\/fr\/wp-json\/wp\/v2\/pages"}],"about":[{"href":"https:\/\/www.samita.be\/fr\/wp-json\/wp\/v2\/types\/page"}],"author":[{"embeddable":true,"href":"https:\/\/www.samita.be\/fr\/wp-json\/wp\/v2\/users\/14"}],"replies":[{"embeddable":true,"href":"https:\/\/www.samita.be\/fr\/wp-json\/wp\/v2\/comments?post=41"}],"version-history":[{"count":41,"href":"https:\/\/www.samita.be\/fr\/wp-json\/wp\/v2\/pages\/41\/revisions"}],"predecessor-version":[{"id":6699,"href":"https:\/\/www.samita.be\/fr\/wp-json\/wp\/v2\/pages\/41\/revisions\/6699"}],"up":[{"embeddable":true,"href":"https:\/\/www.samita.be\/fr\/wp-json\/wp\/v2\/pages\/20"}],"wp:attachment":[{"href":"https:\/\/www.samita.be\/fr\/wp-json\/wp\/v2\/media?parent=41"}],"curies":[{"name":"wp","href":"https:\/\/api.w.org\/{rel}","templated":true}]}}