{"id":6994,"date":"2021-10-01T08:52:03","date_gmt":"2021-10-01T06:52:03","guid":{"rendered":"https:\/\/www.samita.be\/?page_id=6994"},"modified":"2025-05-17T23:31:23","modified_gmt":"2025-05-17T21:31:23","slug":"santacitta-bhikkhuni","status":"publish","type":"page","link":"https:\/\/www.samita.be\/fr\/monks-nuns\/santacitta-bhikkhuni\/","title":{"rendered":"Santacitta Bhikkhuni"},"content":{"rendered":"<p><img loading=\"lazy\" decoding=\"async\" class=\"aligncenter\" src=\"https:\/\/www.samita.be\/wp-content\/uploads\/2021\/10\/Santacitta-Bhikkuni.jpg\" width=\"190\" height=\"190\" \/><\/p>\n<p>Ayya Santacitta est n\u00e9e en Autriche et a fait des \u00e9tudes sup\u00e9rieures en anthropologie culturelle, se concentrant sur la danse, le th\u00e9\u00e2tre et les rituels. Elle a \u00e9galement travaill\u00e9 pour des spectacles de danse d&rsquo;avant-garde en tant qu&rsquo;interpr\u00e8te et costumi\u00e8re. En 1988, elle rencontre Ajahn Buddhadasa dans le sud de la Tha\u00eflande. Cette rencontre suscita son int\u00e9r\u00eat pour la vie monastique bouddhiste. Elle a suivi une formation de moniale en Angleterre et en Asie de 1993 \u00e0 2009, principalement dans la lign\u00e9e d&rsquo;Ajahn Chah et a \u00e9galement re\u00e7u des enseignements dans la lign\u00e9e Shechen du bouddhisme tib\u00e9tain.<\/p>\n<p>Santacitta Bhikkhuni a cofond\u00e9 l&rsquo;Aloka Vihara en 2009 et a re\u00e7u l&rsquo;ordination de bhikkhuni en 2011. Elle s&rsquo;engage pour Ga\u00efa en tant qu&rsquo;\u00eatre vivant et r\u00e9side \u00e0 <a href=\"https:\/\/alokavihara.org\/aloka-earth-room\/\" target=\"_blank\" rel=\"noopener\">l&rsquo;Aloka Earth Room<\/a>, qui se trouve actuellement \u00e0 San Rafael, en Californie.<\/p>","protected":false},"excerpt":{"rendered":"<p>Ayya Santacitta est n\u00e9e en Autriche et a fait des \u00e9tudes sup\u00e9rieures en anthropologie culturelle, se concentrant sur la danse, le th\u00e9\u00e2tre et les rituels. Elle a \u00e9galement travaill\u00e9 pour des spectacles de danse d&rsquo;avant-garde en tant qu&rsquo;interpr\u00e8te et costumi\u00e8re&#8230;.<br \/><a class=\"read-more-button\" href=\"https:\/\/www.samita.be\/fr\/monks-nuns\/santacitta-bhikkhuni\/\">Savoir plus<\/a><\/p>\n","protected":false},"author":15,"featured_media":0,"parent":20,"menu_order":6,"comment_status":"closed","ping_status":"closed","template":"template-full-width.php","meta":{"footnotes":""},"class_list":["post-6994","page","type-page","status-publish","hentry"],"_links":{"self":[{"href":"https:\/\/www.samita.be\/fr\/wp-json\/wp\/v2\/pages\/6994","targetHints":{"allow":["GET"]}}],"collection":[{"href":"https:\/\/www.samita.be\/fr\/wp-json\/wp\/v2\/pages"}],"about":[{"href":"https:\/\/www.samita.be\/fr\/wp-json\/wp\/v2\/types\/page"}],"author":[{"embeddable":true,"href":"https:\/\/www.samita.be\/fr\/wp-json\/wp\/v2\/users\/15"}],"replies":[{"embeddable":true,"href":"https:\/\/www.samita.be\/fr\/wp-json\/wp\/v2\/comments?post=6994"}],"version-history":[{"count":19,"href":"https:\/\/www.samita.be\/fr\/wp-json\/wp\/v2\/pages\/6994\/revisions"}],"predecessor-version":[{"id":8799,"href":"https:\/\/www.samita.be\/fr\/wp-json\/wp\/v2\/pages\/6994\/revisions\/8799"}],"up":[{"embeddable":true,"href":"https:\/\/www.samita.be\/fr\/wp-json\/wp\/v2\/pages\/20"}],"wp:attachment":[{"href":"https:\/\/www.samita.be\/fr\/wp-json\/wp\/v2\/media?parent=6994"}],"curies":[{"name":"wp","href":"https:\/\/api.w.org\/{rel}","templated":true}]}}