{"id":707,"date":"2016-11-01T20:47:41","date_gmt":"2016-11-01T19:47:41","guid":{"rendered":"https:\/\/www.samita.be\/?page_id=707"},"modified":"2020-01-26T09:52:29","modified_gmt":"2020-01-26T08:52:29","slug":"ajahn-brahmali","status":"publish","type":"page","link":"https:\/\/www.samita.be\/fr\/monks-nuns\/ajahn-brahmali\/","title":{"rendered":"Ajahn Brahmali"},"content":{"rendered":"<p><img loading=\"lazy\" decoding=\"async\" class=\"size-full wp-image-713 aligncenter\" src=\"https:\/\/www.samita.be\/wp-content\/uploads\/2016\/11\/ajahn_brahmali_v_seng548.png\" alt=\"ajahn_brahmali_v_seng548\" width=\"210\" height=\"280\" \/><\/p>\n<p>Ajahn Brahmali est n\u00e9 en Norv\u00e8ge en 1964. Il commen\u00e7a \u00e0  s&rsquo;int\u00e9resser au bouddhisme et \u00e0 la m\u00e9ditation apr\u00e8s une visite au Japon alors qu&rsquo;il avait une vingtaine d&rsquo;ann\u00e9es.  Dipl\u00f4m\u00e9 en ing\u00e9nierie et en finance, il a commenc\u00e9 sa formation monastique en tant qu&rsquo;anagarika (respectant les huit pr\u00e9ceptes) en Angleterre \u00e0 Amaravati et au Chithurst Buddhist Monastery.<\/p>\n<p>Apr\u00e8s avoir entendu des enseignements d&rsquo;Ajahn Brahm, il  d\u00e9cida de se rendre en Australie pour pratiquer au monast\u00e8re de Bodhinyana.  Ajahn Brahmali y vit depuis 1994 et y a \u00e9t\u00e9 ordonn\u00e9 Bhikkhu en 1996, avec Ajahn Brahm comme pr\u00e9cepteur. En 2015, il entama sa 20e retraite de la saison des pluies en tant que moine pleinement ordonn\u00e9 et re\u00e7ut le titre de Maha Thera (Grand A\u00een\u00e9).<\/p>\n<p>La connaissance d\u2019Ajahn Brahmali de la langue pali et des Suttas est remarquable. Bhikkhu Bodhi, qui a traduit la plus grande partie du Canon pali en anglais chez Wisdom Publications, a d\u00e9clar\u00e9 qu&rsquo;il avait \u00e9t\u00e9 l&rsquo;un de ses principaux assistants pour la r\u00e9cente traduction du \u00abDiscours num\u00e9rique du Bouddha\u00bb.  Ajahn Brahmali a \u00e9galement publi\u00e9 deux essais sur la coproduction conditionn\u00e9e  et un livre intitul\u00e9 \u00abL&rsquo;authenticit\u00e9 des premiers textes bouddhistes\u00bb en collaboration avec Bhante Sujato \u00e0 la Buddhist Publication Society .<\/p>\n<p>Les monastiques de la Soci\u00e9t\u00e9 bouddhiste d&rsquo;Australie Occidentale (BSWA) se tournent souvent vers lui pour clarifier des questions sur le Vinaya (la discipline monastique) ou les Suttas.  Ils appr\u00e9cient \u00e9galement beaucoup ses cours de Suttas et de pali.  De plus, il a jou\u00e9 un r\u00f4le d\u00e9terminant dans la plupart des projets de construction et d&rsquo;entretien du monast\u00e8re de Bodhinyana et de la nouvelle propri\u00e9t\u00e9 Hermit Hill \u00e0 Serpentine.<\/p>\n<p>Outre les entretiens r\u00e9guliers au Centre Dhammaloka \u00e0 Perth, Ajahn Brahmali et Ajahn Sujato ont \u00e9galement dirig\u00e9 deux cours consacr\u00e9s, l&rsquo;un au bouddhisme originel, l&rsquo;autre au Kamma et \u00e0 la renaissance, respectivement en 2014 et 2015.<\/p>\n<p>Les discours clairs et r\u00e9fl\u00e9chis d&rsquo;Ajahn Brahmali rendent les enseignements du Bouddha facilement accessibles \u00e0 tous et comptent parmi les plus fr\u00e9quemment <a href=\"https:\/\/bswa.org\/teachings\/\" target=\"_blank\" rel=\"noopener noreferrer\">t\u00e9l\u00e9charg\u00e9s sur le site Web de la BSWA<\/a>.  Alors que ses enseignements et ses retraites consacr\u00e9es aux Suttas en Australie devenaient de plus en plus populaires au fil des ans et que sa r\u00e9putation grandissait, il a r\u00e9cemment commenc\u00e9 \u00e0 voyager \u00e0 Singapour, en Indon\u00e9sie et au Sri Lanka pour partager ses connaissances et son exp\u00e9rience.<\/p>\n<p><img loading=\"lazy\" decoding=\"async\" class=\"size-full wp-image-712 aligncenter\" src=\"https:\/\/www.samita.be\/wp-content\/uploads\/2016\/11\/Ajahn_Brahmali.jpg\" alt=\"ajahn_brahmali\" width=\"200\" height=\"200\" srcset=\"https:\/\/www.samita.be\/wp-content\/uploads\/2016\/11\/Ajahn_Brahmali.jpg 200w, https:\/\/www.samita.be\/wp-content\/uploads\/2016\/11\/Ajahn_Brahmali-150x150.jpg 150w\" sizes=\"auto, (max-width: 200px) 100vw, 200px\" \/><\/p>","protected":false},"excerpt":{"rendered":"<p>Ajahn Brahmali est n\u00e9 en Norv\u00e8ge en 1964. Il commen\u00e7a \u00e0 s&rsquo;int\u00e9resser au bouddhisme et \u00e0 la m\u00e9ditation apr\u00e8s une visite au Japon alors qu&rsquo;il avait une vingtaine d&rsquo;ann\u00e9es. Dipl\u00f4m\u00e9 en ing\u00e9nierie et en finance, il a commenc\u00e9 sa formation&#8230;<br \/><a class=\"read-more-button\" href=\"https:\/\/www.samita.be\/fr\/monks-nuns\/ajahn-brahmali\/\">Savoir plus<\/a><\/p>\n","protected":false},"author":14,"featured_media":0,"parent":20,"menu_order":3,"comment_status":"closed","ping_status":"closed","template":"template-full-width.php","meta":{"footnotes":""},"class_list":["post-707","page","type-page","status-publish","hentry"],"_links":{"self":[{"href":"https:\/\/www.samita.be\/fr\/wp-json\/wp\/v2\/pages\/707","targetHints":{"allow":["GET"]}}],"collection":[{"href":"https:\/\/www.samita.be\/fr\/wp-json\/wp\/v2\/pages"}],"about":[{"href":"https:\/\/www.samita.be\/fr\/wp-json\/wp\/v2\/types\/page"}],"author":[{"embeddable":true,"href":"https:\/\/www.samita.be\/fr\/wp-json\/wp\/v2\/users\/14"}],"replies":[{"embeddable":true,"href":"https:\/\/www.samita.be\/fr\/wp-json\/wp\/v2\/comments?post=707"}],"version-history":[{"count":26,"href":"https:\/\/www.samita.be\/fr\/wp-json\/wp\/v2\/pages\/707\/revisions"}],"predecessor-version":[{"id":5542,"href":"https:\/\/www.samita.be\/fr\/wp-json\/wp\/v2\/pages\/707\/revisions\/5542"}],"up":[{"embeddable":true,"href":"https:\/\/www.samita.be\/fr\/wp-json\/wp\/v2\/pages\/20"}],"wp:attachment":[{"href":"https:\/\/www.samita.be\/fr\/wp-json\/wp\/v2\/media?parent=707"}],"curies":[{"name":"wp","href":"https:\/\/api.w.org\/{rel}","templated":true}]}}