{"id":8941,"date":"2025-12-25T10:38:50","date_gmt":"2025-12-25T09:38:50","guid":{"rendered":"https:\/\/www.samita.be\/?page_id=8941"},"modified":"2026-04-22T09:40:01","modified_gmt":"2026-04-22T07:40:01","slug":"visiting-and-staying-at-tilorien-monastery","status":"publish","type":"page","link":"https:\/\/www.samita.be\/fr\/tilorien-monastery\/visiting-and-staying-at-tilorien-monastery\/","title":{"rendered":"Visiter et s\u00e9journer au monast\u00e8re de Tilorien"},"content":{"rendered":"<p><\/p>\n<h2>Visiter le monast\u00e8re de Tilorien<\/h2>\n<p>Si vous souhaitez simplement visiter le monast\u00e8re de Tilorien pour une journ\u00e9e ou faire un don (dana), veuillez <a href=\"mailto:tilorien.office@gmail.com\">nous envoyer un e-mail pour en discuter<\/a>. Les monastiques ne sont pas toujours disponibles en raison de retraites et d&rsquo;\u00e9v\u00e9nements ailleurs, veuillez donc nous informer de la date \u00e0 laquelle vous souhaitez venir. Consultez le calendrier ci-dessous pour conna\u00eetre les dates des sessions de m\u00e9ditation ou de contemplation du Dhamma organis\u00e9es au monast\u00e8re. <a href=\"https:\/\/www.samita.be\/fr\/how-to-get-to-tilorien-monastery\/\">Cliquez ici pour obtenir les indications routi\u00e8res.<\/a><\/p>\n<h2>S\u00e9journer au monast\u00e8re de Tilorien<\/h2>\n<p>Vous \u00eates les bienvenus au monast\u00e8re de Tilorien pour quelques jours, une semaine ou plus, dans la mesure des places disponibles. Ici, vous disposez des pr\u00e9cieux cadeaux que sont le temps, l&rsquo;espace et le silence pour pratiquer, ainsi que d&rsquo;une collection de textes bouddhistes anciens \u00e0 votre disposition. Voir ci-dessous pour les diff\u00e9rentes options et lisez <a href=\"https:\/\/drive.google.com\/file\/d\/1HHibUN7ZgTVLLPteL56a1lekCGtQ6sja\/view\">les directives Tilorien pour les visiteurs (en anglais)<\/a> avant de faire votre demande de s\u00e9jour.<\/p>\n<p><img loading=\"lazy\" decoding=\"async\" class=\"alignright size-medium wp-image-8945\" style=\"font-size: 14px;\" src=\"https:\/\/www.samita.be\/wp-content\/uploads\/2025\/09\/garden1-225x300.jpg\" alt=\"\" width=\"225\" height=\"300\" srcset=\"https:\/\/www.samita.be\/wp-content\/uploads\/2025\/09\/garden1-225x300.jpg 225w, https:\/\/www.samita.be\/wp-content\/uploads\/2025\/09\/garden1.jpg 480w\" sizes=\"auto, (max-width: 225px) 100vw, 225px\" \/><\/p>\n<h3>Week-ends \u00ab Busy Bee \/ Jardin \u00bb<\/h3>\n<p>Venez nous aider et plongez-vous dans la vie monastique pendant un long week-end ! Nous organisons des week-ends \u00ab Busy Bee \/ Jardin \u00bb presque tous les mois. Les t\u00e2ches \u00e0 accomplir vont de la cuisine et du m\u00e9nage \u00e0 l&rsquo;aide au jardinage, en passant parfois par d&rsquo;autres travaux de bricolage. Quelles que soient vos comp\u00e9tences, vous trouverez toujours quelque chose \u00e0 faire. Rendre service au Dhamma et rencontrer des personnes partageant les m\u00eames id\u00e9es est une exp\u00e9rience enrichissante. Au cours de ce week-end, des s\u00e9ances de m\u00e9ditation en groupe sont organis\u00e9es quotidiennement. Le samedi, nous proposons \u00e9galement une s\u00e9ance de contemplation du Dhamma et une m\u00e9ditation guid\u00e9e.<\/p>\n<p>Consultez le calendrier ci-dessous et <a href=\"https:\/\/docs.google.com\/forms\/d\/e\/1FAIpQLScBvuo4Q_f6LcR3e08th6eHrm0JtU27cYC4EW_I0K79LS-vQQ\/viewform? usp=sharing&amp;ouid=117773736444406863485\">cliquez ici pour obtenir le formulaire de demande<\/a>. Si vous n&rsquo;avez jamais s\u00e9journ\u00e9 au monast\u00e8re de Tilorien auparavant, nous vous enverrons un autre formulaire pour obtenir des informations suppl\u00e9mentaires dont nous avons besoin pour nos dossiers. Toutes ces informations seront trait\u00e9es de mani\u00e8re confidentielle, conform\u00e9ment \u00e0 notre <a href=\"https:\/\/www.samita.be\/fr\/about-us\/your-privacy\/\">politique de confidentialit\u00e9<\/a>.<\/p>\n<h3>S\u00e9jour d&rsquo;une semaine<\/h3>\n<p>Si vous souhaitez s\u00e9journer un peu plus longtemps au monast\u00e8re de Tilorien et d\u00e9couvrir la vie monastique, vous \u00eates les bienvenus pour une semaine ou pour un week-end \u00ab Busy Bee \/ Jardin \u00bb suivie d&rsquo;une semaine. Des m\u00e9ditations de groupe quotidiennes sont organis\u00e9es pendant cette p\u00e9riode et vous aurez l&rsquo;occasion de discuter de votre pratique avec un monastique. Il y a une semaine disponible presque tous les mois pour les visiteurs.<\/p>\n<p>Consultez le calendrier ci-dessous et <a href=\"https:\/\/docs.google.com\/forms\/d\/e\/1FAIpQLScBvuo4Q_f6LcR3e08th6eHrm0JtU27cYC4EW_I0K79LS-vQQ\/viewform? usp=sharing&amp;ouid=117773736444406863485\">cliquez ici pour obtenir le formulaire d&rsquo;inscription<\/a>. Si vous n&rsquo;avez jamais s\u00e9journ\u00e9 au monast\u00e8re de Tilorien auparavant, nous vous enverrons un autre formulaire pour obtenir des informations suppl\u00e9mentaires dont nous avons besoin pour nos dossiers. Toutes ces informations seront trait\u00e9es de mani\u00e8re confidentielle, conform\u00e9ment \u00e0 notre <a href=\"https:\/\/www.samita.be\/fr\/about-us\/your-privacy\/\">politique de confidentialit\u00e9<\/a>.<\/p>\n<h3><img loading=\"lazy\" decoding=\"async\" class=\"alignleft size-medium wp-image-8946\" src=\"https:\/\/www.samita.be\/wp-content\/uploads\/2025\/09\/talk-300x225.jpg\" alt=\"\" width=\"300\" height=\"225\" srcset=\"https:\/\/www.samita.be\/wp-content\/uploads\/2025\/09\/talk-300x225.jpg 300w, https:\/\/www.samita.be\/wp-content\/uploads\/2025\/09\/talk-1024x768.jpg 1024w, https:\/\/www.samita.be\/wp-content\/uploads\/2025\/09\/talk-768x576.jpg 768w, https:\/\/www.samita.be\/wp-content\/uploads\/2025\/09\/talk-1536x1152.jpg 1536w, https:\/\/www.samita.be\/wp-content\/uploads\/2025\/09\/talk-1170x878.jpg 1170w, https:\/\/www.samita.be\/wp-content\/uploads\/2025\/09\/talk.jpg 2000w\" sizes=\"auto, (max-width: 300px) 100vw, 300px\" \/>Long s\u00e9jour<\/h3>\n<p>Pour vous immerger un peu plus longtemps dans la vie monastique afin d&rsquo;approfondir votre pratique, vous \u00eates les bienvenus pour un s\u00e9jour d&rsquo;au moins un mois. Cette option est r\u00e9serv\u00e9e aux personnes ayant d\u00e9j\u00e0 s\u00e9journ\u00e9 au monast\u00e8re de Tilorien.<\/p>\n<p>Vous pouvez <a href=\"https:\/\/docs.google.com\/forms\/d\/e\/1FAIpQLSc62poZEwUMrWycyB5po194tk4Xif8VLFttNhDvP5GsvbUCgg\/viewform? usp=sharing&amp;ouid=117773736444406863485\">cliquer ici pour obtenir le formulaire de candidature<\/a>. Si nous ne disposons pas de vos informations dans nos dossiers ou si votre s\u00e9jour remonte \u00e0 longtemps, nous vous enverrons un autre formulaire pour obtenir des informations suppl\u00e9mentaires. Toutes ces informations seront trait\u00e9es de mani\u00e8re confidentielle, conform\u00e9ment \u00e0 notre <a href=\"https:\/\/www.samita.be\/fr\/about-us\/your-privacy\/\">politique de confidentialit\u00e9<\/a>.<\/p>\n<h3><\/h3>\n<h3><\/h3>\n<h3>Calendrier<\/h3>\n<p><iframe loading=\"lazy\" style=\"border: 0;\" src=\"https:\/\/calendar.google.com\/calendar\/embed?src=imm2im298vkj8uao4el6ubmb7o%40group.calendar.google.com&amp;ctz=Europe%2FBerlin\" width=\"800\" height=\"600\" frameborder=\"0\" scrolling=\"no\"><\/iframe><\/p>","protected":false},"excerpt":{"rendered":"<p>Visiter le monast\u00e8re de Tilorien Si vous souhaitez simplement visiter le monast\u00e8re de Tilorien pour une journ\u00e9e ou faire un don (dana), veuillez nous envoyer un e-mail pour en discuter. Les monastiques ne sont pas toujours disponibles en raison de&#8230;<br \/><a class=\"read-more-button\" href=\"https:\/\/www.samita.be\/fr\/tilorien-monastery\/visiting-and-staying-at-tilorien-monastery\/\">Savoir plus<\/a><\/p>\n","protected":false},"author":18,"featured_media":0,"parent":8425,"menu_order":0,"comment_status":"closed","ping_status":"closed","template":"","meta":{"footnotes":""},"class_list":["post-8941","page","type-page","status-publish","hentry"],"_links":{"self":[{"href":"https:\/\/www.samita.be\/fr\/wp-json\/wp\/v2\/pages\/8941","targetHints":{"allow":["GET"]}}],"collection":[{"href":"https:\/\/www.samita.be\/fr\/wp-json\/wp\/v2\/pages"}],"about":[{"href":"https:\/\/www.samita.be\/fr\/wp-json\/wp\/v2\/types\/page"}],"author":[{"embeddable":true,"href":"https:\/\/www.samita.be\/fr\/wp-json\/wp\/v2\/users\/18"}],"replies":[{"embeddable":true,"href":"https:\/\/www.samita.be\/fr\/wp-json\/wp\/v2\/comments?post=8941"}],"version-history":[{"count":44,"href":"https:\/\/www.samita.be\/fr\/wp-json\/wp\/v2\/pages\/8941\/revisions"}],"predecessor-version":[{"id":9409,"href":"https:\/\/www.samita.be\/fr\/wp-json\/wp\/v2\/pages\/8941\/revisions\/9409"}],"up":[{"embeddable":true,"href":"https:\/\/www.samita.be\/fr\/wp-json\/wp\/v2\/pages\/8425"}],"wp:attachment":[{"href":"https:\/\/www.samita.be\/fr\/wp-json\/wp\/v2\/media?parent=8941"}],"curies":[{"name":"wp","href":"https:\/\/api.w.org\/{rel}","templated":true}]}}