{"id":9087,"date":"2025-12-31T09:40:41","date_gmt":"2025-12-31T08:40:41","guid":{"rendered":"https:\/\/www.samita.be\/?page_id=9087"},"modified":"2026-01-08T08:31:42","modified_gmt":"2026-01-08T07:31:42","slug":"how-to-get-to-tilorien-monastery","status":"publish","type":"page","link":"https:\/\/www.samita.be\/fr\/tilorien-monastery\/how-to-get-to-tilorien-monastery\/","title":{"rendered":"Directions"},"content":{"rendered":"<p><iframe loading=\"lazy\" style=\"border: 0;\" src=\"https:\/\/www.google.com\/maps\/embed?pb=!1m18!1m12!1m3!1d7036.777511642633!2d5.704006967423063!3d50.12395684075635!2m3!1f0!2f0!3f0!3m2!1i1024!2i768!4f13.1!3m3!1m2!1s0x47c01740164b6c0d%3A0x92c4164e6cc704eb!2sMonast%C3%A8re%20Tilorien!5e0!3m2!1sen!2sbe!4v1767169608324!5m2!1sen!2sbe\" width=\"600\" height=\"450\" allowfullscreen=\"allowfullscreen\"><span data-mce-type=\"bookmark\" style=\"display: inline-block; width: 0px; overflow: hidden; line-height: 0;\" class=\"mce_SELRES_start\">\ufeff<\/span><\/iframe><\/p>\n<p><strong>Adresse :<\/strong><br \/>\nTilorien Monastery<br \/>\nEngreux 49G<br \/>\n6663 Houffalize<\/p>\n<p><strong>Transports publics :<\/strong><br \/>\nLe meilleur moyen de se rendre au monast\u00e8re de Tilorien est de prendre le train jusqu&rsquo;\u00e0 la gare de Li\u00e8ge-Guillemins. De l\u00e0, prenez le bus TEC E69 (quai D) pendant 1 heure 22 minutes jusqu&rsquo;\u00e0 Noville (Bastogne). Ce bus circule r\u00e9guli\u00e8rement en semaine et moins r\u00e9guli\u00e8rement le week-end.<\/p>\n<p>Au d\u00e9but d&rsquo;un week-end \u00ab Busy Bee \/ Jardin \u00bb ou d&rsquo;une semaine pour les h\u00f4tes de courte dur\u00e9e, nous organisons une navette \u00e0 Noville. Le reste du temps, vous devez rester assis quelques arr\u00eats suppl\u00e9mentaires jusqu&rsquo;\u00e0 la gare routi\u00e8re de Bastogne Sud et prendre le bus 17 ou un taxi. Le bus TEC 17 ne circule qu&rsquo;une ou deux fois par jour. Le bus 17 s&rsquo;arr\u00eate \u00e0 Engreux Eglise. De l\u00e0, le monast\u00e8re est accessible \u00e0 pied en quelques minutes.<\/p>\n<p>Site web train : <a href=\"https:\/\/www.belgiantrain.be\/\">belgiantrain.be\/<\/a><br \/>\nSite web bus : <a href=\"https:\/\/www.letec.be\/\">letec.be\/<\/a><br \/>\nT\u00e9l\u00e9phone taxi : +32-(0)499 499 490<\/p>","protected":false},"excerpt":{"rendered":"<p>\ufeff Adresse : Tilorien Monastery Engreux 49G 6663 Houffalize Transports publics : Le meilleur moyen de se rendre au monast\u00e8re de Tilorien est de prendre le train jusqu&rsquo;\u00e0 la gare de Li\u00e8ge-Guillemins. De l\u00e0, prenez le bus TEC E69 (quai&#8230;<br \/><a class=\"read-more-button\" href=\"https:\/\/www.samita.be\/fr\/tilorien-monastery\/how-to-get-to-tilorien-monastery\/\">Savoir plus<\/a><\/p>\n","protected":false},"author":21,"featured_media":0,"parent":8425,"menu_order":2,"comment_status":"closed","ping_status":"closed","template":"","meta":{"footnotes":""},"class_list":["post-9087","page","type-page","status-publish","hentry"],"_links":{"self":[{"href":"https:\/\/www.samita.be\/fr\/wp-json\/wp\/v2\/pages\/9087","targetHints":{"allow":["GET"]}}],"collection":[{"href":"https:\/\/www.samita.be\/fr\/wp-json\/wp\/v2\/pages"}],"about":[{"href":"https:\/\/www.samita.be\/fr\/wp-json\/wp\/v2\/types\/page"}],"author":[{"embeddable":true,"href":"https:\/\/www.samita.be\/fr\/wp-json\/wp\/v2\/users\/21"}],"replies":[{"embeddable":true,"href":"https:\/\/www.samita.be\/fr\/wp-json\/wp\/v2\/comments?post=9087"}],"version-history":[{"count":8,"href":"https:\/\/www.samita.be\/fr\/wp-json\/wp\/v2\/pages\/9087\/revisions"}],"predecessor-version":[{"id":9095,"href":"https:\/\/www.samita.be\/fr\/wp-json\/wp\/v2\/pages\/9087\/revisions\/9095"}],"up":[{"embeddable":true,"href":"https:\/\/www.samita.be\/fr\/wp-json\/wp\/v2\/pages\/8425"}],"wp:attachment":[{"href":"https:\/\/www.samita.be\/fr\/wp-json\/wp\/v2\/media?parent=9087"}],"curies":[{"name":"wp","href":"https:\/\/api.w.org\/{rel}","templated":true}]}}